{"id":196691,"date":"2022-05-12T10:39:28","date_gmt":"2022-05-12T15:39:28","guid":{"rendered":"https:\/\/website.dev.stmtires.com\/shop\/sin categor\u00eda\/275-80r24-5-xda5\/"},"modified":"2022-05-12T10:39:28","modified_gmt":"2022-05-12T15:39:28","slug":"275-80r24-5-xda5-2","status":"publish","type":"product","link":"https:\/\/stmtires.com\/es\/shop\/michelin-es\/275-80r24-5-xda5-2\/","title":{"rendered":"275\/80R24.5 XDA5"},"content":{"rendered":"<p>Cami\u00f3n\/Autob\u00fas Comercial. Neum\u00e1tico de accionamiento de cami\u00f3n de servicio mediano para aplicaciones de transporte en l\u00ednea.<\/p>\n","protected":false},"excerpt":{"rendered":"<p>Cami\u00f3n\/Autob\u00fas Comercial. Neum\u00e1tico de accionamiento de cami\u00f3n de servicio mediano para aplicaciones de transporte en l\u00ednea.<\/p>\n","protected":false},"featured_media":0,"comment_status":"open","ping_status":"closed","template":"","meta":{"_acf_changed":false,"subheading":[]},"product_model":[25316],"product_brand":[15734],"product_cat":[19321,19288,19253],"product_tag":[],"class_list":{"0":"post-196691","1":"product","2":"type-product","3":"status-publish","5":"product_model-xda5-es","6":"product_brand-michelin-es","7":"product_cat-conducir-es","8":"product_cat-conducir","9":"product_cat-uncategorized","10":"pa_tire-size-275-80r24-5-es","12":"first","13":"instock","14":"shipping-taxable","15":"purchasable","16":"product-type-simple"},"acf":[],"_links":{"self":[{"href":"https:\/\/stmtires.com\/es\/wp-json\/wp\/v2\/product\/196691","targetHints":{"allow":["GET"]}}],"collection":[{"href":"https:\/\/stmtires.com\/es\/wp-json\/wp\/v2\/product"}],"about":[{"href":"https:\/\/stmtires.com\/es\/wp-json\/wp\/v2\/types\/product"}],"replies":[{"embeddable":true,"href":"https:\/\/stmtires.com\/es\/wp-json\/wp\/v2\/comments?post=196691"}],"wp:attachment":[{"href":"https:\/\/stmtires.com\/es\/wp-json\/wp\/v2\/media?parent=196691"}],"wp:term":[{"taxonomy":"product_model","embeddable":true,"href":"https:\/\/stmtires.com\/es\/wp-json\/wp\/v2\/product_model?post=196691"},{"taxonomy":"product_brand","embeddable":true,"href":"https:\/\/stmtires.com\/es\/wp-json\/wp\/v2\/product_brand?post=196691"},{"taxonomy":"product_cat","embeddable":true,"href":"https:\/\/stmtires.com\/es\/wp-json\/wp\/v2\/product_cat?post=196691"},{"taxonomy":"product_tag","embeddable":true,"href":"https:\/\/stmtires.com\/es\/wp-json\/wp\/v2\/product_tag?post=196691"}],"curies":[{"name":"wp","href":"https:\/\/api.w.org\/{rel}","templated":true}]}}