{"id":196739,"date":"2022-05-12T10:22:28","date_gmt":"2022-05-12T15:22:28","guid":{"rendered":"https:\/\/website.dev.stmtires.com\/shop\/sin categor\u00eda\/275-80r245-g-xte\/"},"modified":"2022-05-12T10:22:28","modified_gmt":"2022-05-12T15:22:28","slug":"275-80r24-5-g-xte-2","status":"publish","type":"product","link":"https:\/\/stmtires.com\/es\/shop\/michelin-es\/275-80r24-5-g-xte-2\/","title":{"rendered":"275\/80R24,5 G XTE"},"content":{"rendered":"<p>Cami\u00f3n\/Autob\u00fas Comercial. Neum\u00e1tico de posici\u00f3n de remolque radial de cami\u00f3n de servicio mediano dise\u00f1ado para soportar las demandas del servicio de eje de alta fricci\u00f3n y dispersi\u00f3n en aplicaciones regionales y de transporte en l\u00ednea.  <\/p>\n","protected":false},"excerpt":{"rendered":"<p>Cami\u00f3n\/Autob\u00fas Comercial. Neum\u00e1tico de posici\u00f3n de remolque radial de cami\u00f3n de servicio mediano dise\u00f1ado para soportar las demandas del servicio de eje de alta fricci\u00f3n y dispersi\u00f3n en aplicaciones regionales y de transporte en l\u00ednea.<\/p>\n","protected":false},"featured_media":0,"comment_status":"open","ping_status":"closed","template":"","meta":{"_acf_changed":false,"subheading":[]},"product_model":[25329],"product_brand":[15734],"product_cat":[],"product_tag":[],"class_list":{"0":"post-196739","1":"product","2":"type-product","3":"status-publish","5":"product_model-xte-es","6":"product_brand-michelin-es","7":"pa_tire-size-275-80r24-5-es","9":"first","10":"instock","11":"shipping-taxable","12":"purchasable","13":"product-type-simple"},"acf":[],"_links":{"self":[{"href":"https:\/\/stmtires.com\/es\/wp-json\/wp\/v2\/product\/196739","targetHints":{"allow":["GET"]}}],"collection":[{"href":"https:\/\/stmtires.com\/es\/wp-json\/wp\/v2\/product"}],"about":[{"href":"https:\/\/stmtires.com\/es\/wp-json\/wp\/v2\/types\/product"}],"replies":[{"embeddable":true,"href":"https:\/\/stmtires.com\/es\/wp-json\/wp\/v2\/comments?post=196739"}],"wp:attachment":[{"href":"https:\/\/stmtires.com\/es\/wp-json\/wp\/v2\/media?parent=196739"}],"wp:term":[{"taxonomy":"product_model","embeddable":true,"href":"https:\/\/stmtires.com\/es\/wp-json\/wp\/v2\/product_model?post=196739"},{"taxonomy":"product_brand","embeddable":true,"href":"https:\/\/stmtires.com\/es\/wp-json\/wp\/v2\/product_brand?post=196739"},{"taxonomy":"product_cat","embeddable":true,"href":"https:\/\/stmtires.com\/es\/wp-json\/wp\/v2\/product_cat?post=196739"},{"taxonomy":"product_tag","embeddable":true,"href":"https:\/\/stmtires.com\/es\/wp-json\/wp\/v2\/product_tag?post=196739"}],"curies":[{"name":"wp","href":"https:\/\/api.w.org\/{rel}","templated":true}]}}