{"id":197091,"date":"2022-05-12T10:38:59","date_gmt":"2022-05-12T15:38:59","guid":{"rendered":"https:\/\/website.dev.stmtires.com\/shop\/sin categor\u00eda\/275-80r225-g-tr144\/"},"modified":"2022-05-12T10:38:59","modified_gmt":"2022-05-12T15:38:59","slug":"275-80r22-5-g-tr144-2","status":"publish","type":"product","link":"https:\/\/stmtires.com\/es\/shop\/bfgoodrich-es\/275-80r22-5-g-tr144-2\/","title":{"rendered":"275\/80R22,5 G TR144"},"content":{"rendered":"<p>Cami\u00f3n\/Autob\u00fas Comercial. Neum\u00e1tico de posici\u00f3n de remolque radial de cami\u00f3n de servicio mediano optimizado para ejes rodantes libres.<\/p>\n","protected":false},"excerpt":{"rendered":"<p>Cami\u00f3n\/Autob\u00fas Comercial. Neum\u00e1tico de posici\u00f3n de remolque radial de cami\u00f3n de servicio mediano optimizado para ejes rodantes libres.<\/p>\n","protected":false},"featured_media":0,"comment_status":"open","ping_status":"closed","template":"","meta":{"_acf_changed":false,"subheading":[]},"product_model":[25333],"product_brand":[15735],"product_cat":[],"product_tag":[],"class_list":{"0":"post-197091","1":"product","2":"type-product","3":"status-publish","5":"product_model-tr144-tr144a-es","6":"product_brand-bfgoodrich-es","7":"pa_tire-size-275-80r22-5-es","9":"first","10":"instock","11":"shipping-taxable","12":"purchasable","13":"product-type-simple"},"acf":[],"_links":{"self":[{"href":"https:\/\/stmtires.com\/es\/wp-json\/wp\/v2\/product\/197091","targetHints":{"allow":["GET"]}}],"collection":[{"href":"https:\/\/stmtires.com\/es\/wp-json\/wp\/v2\/product"}],"about":[{"href":"https:\/\/stmtires.com\/es\/wp-json\/wp\/v2\/types\/product"}],"replies":[{"embeddable":true,"href":"https:\/\/stmtires.com\/es\/wp-json\/wp\/v2\/comments?post=197091"}],"wp:attachment":[{"href":"https:\/\/stmtires.com\/es\/wp-json\/wp\/v2\/media?parent=197091"}],"wp:term":[{"taxonomy":"product_model","embeddable":true,"href":"https:\/\/stmtires.com\/es\/wp-json\/wp\/v2\/product_model?post=197091"},{"taxonomy":"product_brand","embeddable":true,"href":"https:\/\/stmtires.com\/es\/wp-json\/wp\/v2\/product_brand?post=197091"},{"taxonomy":"product_cat","embeddable":true,"href":"https:\/\/stmtires.com\/es\/wp-json\/wp\/v2\/product_cat?post=197091"},{"taxonomy":"product_tag","embeddable":true,"href":"https:\/\/stmtires.com\/es\/wp-json\/wp\/v2\/product_tag?post=197091"}],"curies":[{"name":"wp","href":"https:\/\/api.w.org\/{rel}","templated":true}]}}