{"id":197096,"date":"2022-05-12T10:38:26","date_gmt":"2022-05-12T15:38:26","guid":{"rendered":"https:\/\/website.dev.stmtires.com\/shop\/sin categor\u00eda\/275-80r22-5-g-xze2-tamanos-estandar\/"},"modified":"2022-05-12T10:38:26","modified_gmt":"2022-05-12T15:38:26","slug":"275-80r22-5-g-xze2-tamanos-estandar","status":"publish","type":"product","link":"https:\/\/stmtires.com\/es\/shop\/michelin-es\/275-80r22-5-g-xze2-tamanos-estandar\/","title":{"rendered":"275\/80R22.5 G XZE2 (TAMA\u00d1OS EST\u00c1NDAR)"},"content":{"rendered":"<p>Cami\u00f3n\/Autob\u00fas Comercial. Neum\u00e1tico radial de todas las posiciones para camiones de servicio mediano con banda de rodadura extra ancha y extra profunda dise\u00f1ada para ayudar a ofrecer el mejor desgaste en aplicaciones regionales y de transporte de l\u00ednea de alto lavado.<\/p>\n","protected":false},"excerpt":{"rendered":"<p>Cami\u00f3n\/Autob\u00fas Comercial. Neum\u00e1tico radial de todas las posiciones para camiones de servicio mediano con banda de rodadura extra ancha y extra profunda dise\u00f1ada para ayudar a ofrecer el mejor desgaste en aplicaciones regionales y de transporte de l\u00ednea de alto lavado.<\/p>\n","protected":false},"featured_media":0,"comment_status":"open","ping_status":"closed","template":"","meta":{"_acf_changed":false,"subheading":[]},"product_model":[25337],"product_brand":[15734],"product_cat":[19321],"product_tag":[],"class_list":{"0":"post-197096","1":"product","2":"type-product","3":"status-publish","5":"product_model-xze2-standard-sizes-es","6":"product_brand-michelin-es","7":"product_cat-conducir-es","8":"pa_tire-size-275-80r22-5-es","10":"first","11":"instock","12":"shipping-taxable","13":"purchasable","14":"product-type-simple"},"acf":[],"_links":{"self":[{"href":"https:\/\/stmtires.com\/es\/wp-json\/wp\/v2\/product\/197096","targetHints":{"allow":["GET"]}}],"collection":[{"href":"https:\/\/stmtires.com\/es\/wp-json\/wp\/v2\/product"}],"about":[{"href":"https:\/\/stmtires.com\/es\/wp-json\/wp\/v2\/types\/product"}],"replies":[{"embeddable":true,"href":"https:\/\/stmtires.com\/es\/wp-json\/wp\/v2\/comments?post=197096"}],"wp:attachment":[{"href":"https:\/\/stmtires.com\/es\/wp-json\/wp\/v2\/media?parent=197096"}],"wp:term":[{"taxonomy":"product_model","embeddable":true,"href":"https:\/\/stmtires.com\/es\/wp-json\/wp\/v2\/product_model?post=197096"},{"taxonomy":"product_brand","embeddable":true,"href":"https:\/\/stmtires.com\/es\/wp-json\/wp\/v2\/product_brand?post=197096"},{"taxonomy":"product_cat","embeddable":true,"href":"https:\/\/stmtires.com\/es\/wp-json\/wp\/v2\/product_cat?post=197096"},{"taxonomy":"product_tag","embeddable":true,"href":"https:\/\/stmtires.com\/es\/wp-json\/wp\/v2\/product_tag?post=197096"}],"curies":[{"name":"wp","href":"https:\/\/api.w.org\/{rel}","templated":true}]}}