{"id":197168,"date":"2022-05-12T10:21:25","date_gmt":"2022-05-12T15:21:25","guid":{"rendered":"https:\/\/website.dev.stmtires.com\/shop\/sin categor\u00eda\/275-80r225-g-xdn2\/"},"modified":"2022-05-12T10:21:25","modified_gmt":"2022-05-12T15:21:25","slug":"275-80r22-5-g-xdn2-2","status":"publish","type":"product","link":"https:\/\/stmtires.com\/es\/shop\/michelin-es\/275-80r22-5-g-xdn2-2\/","title":{"rendered":"275\/80R22,5 G XDN2"},"content":{"rendered":"<p>Cami\u00f3n\/Autob\u00fas Comercial. Neum\u00e1tico All Weather Medium-Duty Truck Premium Drive para una tracci\u00f3n y kilometraje excepcionales en aplicaciones de transporte en l\u00ednea.<\/p>\n","protected":false},"excerpt":{"rendered":"<p>Cami\u00f3n\/Autob\u00fas Comercial. Neum\u00e1tico All Weather Medium-Duty Truck Premium Drive para una tracci\u00f3n y kilometraje excepcionales en aplicaciones de transporte en l\u00ednea.<\/p>\n","protected":false},"featured_media":225516,"comment_status":"open","ping_status":"closed","template":"","meta":{"_acf_changed":false,"subheading":[]},"product_model":[25319],"product_brand":[15734],"product_cat":[19288],"product_tag":[],"class_list":{"0":"post-197168","1":"product","2":"type-product","3":"status-publish","4":"has-post-thumbnail","6":"product_model-xdn2-es","7":"product_brand-michelin-es","8":"product_cat-conducir","9":"pa_tire-size-275-80r22-5-es","11":"first","12":"instock","13":"shipping-taxable","14":"purchasable","15":"product-type-simple"},"acf":[],"_links":{"self":[{"href":"https:\/\/stmtires.com\/es\/wp-json\/wp\/v2\/product\/197168","targetHints":{"allow":["GET"]}}],"collection":[{"href":"https:\/\/stmtires.com\/es\/wp-json\/wp\/v2\/product"}],"about":[{"href":"https:\/\/stmtires.com\/es\/wp-json\/wp\/v2\/types\/product"}],"replies":[{"embeddable":true,"href":"https:\/\/stmtires.com\/es\/wp-json\/wp\/v2\/comments?post=197168"}],"wp:featuredmedia":[{"embeddable":true,"href":"https:\/\/stmtires.com\/es\/wp-json\/wp\/v2\/media\/225516"}],"wp:attachment":[{"href":"https:\/\/stmtires.com\/es\/wp-json\/wp\/v2\/media?parent=197168"}],"wp:term":[{"taxonomy":"product_model","embeddable":true,"href":"https:\/\/stmtires.com\/es\/wp-json\/wp\/v2\/product_model?post=197168"},{"taxonomy":"product_brand","embeddable":true,"href":"https:\/\/stmtires.com\/es\/wp-json\/wp\/v2\/product_brand?post=197168"},{"taxonomy":"product_cat","embeddable":true,"href":"https:\/\/stmtires.com\/es\/wp-json\/wp\/v2\/product_cat?post=197168"},{"taxonomy":"product_tag","embeddable":true,"href":"https:\/\/stmtires.com\/es\/wp-json\/wp\/v2\/product_tag?post=197168"}],"curies":[{"name":"wp","href":"https:\/\/api.w.org\/{rel}","templated":true}]}}