{"id":197291,"date":"2022-05-12T10:39:31","date_gmt":"2022-05-12T15:39:31","guid":{"rendered":"https:\/\/website.dev.stmtires.com\/shop\/sin categor\u00eda\/275-80r22-5-g-xza-1\/"},"modified":"2022-05-12T10:39:31","modified_gmt":"2022-05-12T15:39:31","slug":"275-80r22-5-g-xza-1-2","status":"publish","type":"product","link":"https:\/\/stmtires.com\/es\/shop\/michelin-es\/275-80r22-5-g-xza-1-2\/","title":{"rendered":"275\/80R22.5 G XZA-1 +"},"content":{"rendered":"<p>Cami\u00f3n\/Autob\u00fas Comercial. SmartWay Verified Medium-Duty Truck All-Position Radial neum\u00e1tico optimizado para ejes de direcci\u00f3n en carretera y servicio regional limitado.<\/p>\n","protected":false},"excerpt":{"rendered":"<p>Cami\u00f3n\/Autob\u00fas Comercial. SmartWay Verified Medium-Duty Truck All-Position Radial neum\u00e1tico optimizado para ejes de direcci\u00f3n en carretera y servicio regional limitado.<\/p>\n","protected":false},"featured_media":0,"comment_status":"open","ping_status":"closed","template":"","meta":{"_acf_changed":false,"subheading":[]},"product_model":[25303],"product_brand":[15734],"product_cat":[19321,19253],"product_tag":[],"class_list":{"0":"post-197291","1":"product","2":"type-product","3":"status-publish","5":"product_model-xza-1-xza-1b-es","6":"product_brand-michelin-es","7":"product_cat-conducir-es","8":"product_cat-uncategorized","9":"pa_tire-size-275-80r22-5-es","11":"first","12":"instock","13":"shipping-taxable","14":"purchasable","15":"product-type-simple"},"acf":[],"_links":{"self":[{"href":"https:\/\/stmtires.com\/es\/wp-json\/wp\/v2\/product\/197291","targetHints":{"allow":["GET"]}}],"collection":[{"href":"https:\/\/stmtires.com\/es\/wp-json\/wp\/v2\/product"}],"about":[{"href":"https:\/\/stmtires.com\/es\/wp-json\/wp\/v2\/types\/product"}],"replies":[{"embeddable":true,"href":"https:\/\/stmtires.com\/es\/wp-json\/wp\/v2\/comments?post=197291"}],"wp:attachment":[{"href":"https:\/\/stmtires.com\/es\/wp-json\/wp\/v2\/media?parent=197291"}],"wp:term":[{"taxonomy":"product_model","embeddable":true,"href":"https:\/\/stmtires.com\/es\/wp-json\/wp\/v2\/product_model?post=197291"},{"taxonomy":"product_brand","embeddable":true,"href":"https:\/\/stmtires.com\/es\/wp-json\/wp\/v2\/product_brand?post=197291"},{"taxonomy":"product_cat","embeddable":true,"href":"https:\/\/stmtires.com\/es\/wp-json\/wp\/v2\/product_cat?post=197291"},{"taxonomy":"product_tag","embeddable":true,"href":"https:\/\/stmtires.com\/es\/wp-json\/wp\/v2\/product_tag?post=197291"}],"curies":[{"name":"wp","href":"https:\/\/api.w.org\/{rel}","templated":true}]}}