{"id":197816,"date":"2022-05-12T10:13:14","date_gmt":"2022-05-12T15:13:14","guid":{"rendered":"https:\/\/website.dev.stmtires.com\/shop\/sin categor\u00eda\/simetria-205-65r15\/"},"modified":"2022-05-12T10:13:14","modified_gmt":"2022-05-12T15:13:14","slug":"205-65r15-simetria","status":"publish","type":"product","link":"https:\/\/stmtires.com\/es\/shop\/michelin-es\/205-65r15-simetria\/","title":{"rendered":"SIMETR\u00cdA 205\/65R15"},"content":{"rendered":"<p>Equipo original Neum\u00e1tico para autom\u00f3viles de pasajeros para todas las estaciones. Tambi\u00e9n disponible con dise\u00f1o de pared lateral blanca.<\/p>\n","protected":false},"excerpt":{"rendered":"<p>Equipo original Neum\u00e1tico para autom\u00f3viles de pasajeros para todas las estaciones. Tambi\u00e9n disponible con dise\u00f1o de pared lateral blanca.<\/p>\n","protected":false},"featured_media":106633,"comment_status":"open","ping_status":"closed","template":"","meta":{"_acf_changed":false,"subheading":[]},"product_model":[25376],"product_brand":[15734],"product_cat":[25986],"product_tag":[],"class_list":{"0":"post-197816","1":"product","2":"type-product","3":"status-publish","4":"has-post-thumbnail","6":"product_model-symmetry-es","7":"product_brand-michelin-es","8":"product_cat-luz-de-pasajero","9":"pa_tire-size-205-65r15-es","11":"first","12":"instock","13":"shipping-taxable","14":"purchasable","15":"product-type-simple"},"acf":[],"_links":{"self":[{"href":"https:\/\/stmtires.com\/es\/wp-json\/wp\/v2\/product\/197816","targetHints":{"allow":["GET"]}}],"collection":[{"href":"https:\/\/stmtires.com\/es\/wp-json\/wp\/v2\/product"}],"about":[{"href":"https:\/\/stmtires.com\/es\/wp-json\/wp\/v2\/types\/product"}],"replies":[{"embeddable":true,"href":"https:\/\/stmtires.com\/es\/wp-json\/wp\/v2\/comments?post=197816"}],"wp:featuredmedia":[{"embeddable":true,"href":"https:\/\/stmtires.com\/es\/wp-json\/wp\/v2\/media\/106633"}],"wp:attachment":[{"href":"https:\/\/stmtires.com\/es\/wp-json\/wp\/v2\/media?parent=197816"}],"wp:term":[{"taxonomy":"product_model","embeddable":true,"href":"https:\/\/stmtires.com\/es\/wp-json\/wp\/v2\/product_model?post=197816"},{"taxonomy":"product_brand","embeddable":true,"href":"https:\/\/stmtires.com\/es\/wp-json\/wp\/v2\/product_brand?post=197816"},{"taxonomy":"product_cat","embeddable":true,"href":"https:\/\/stmtires.com\/es\/wp-json\/wp\/v2\/product_cat?post=197816"},{"taxonomy":"product_tag","embeddable":true,"href":"https:\/\/stmtires.com\/es\/wp-json\/wp\/v2\/product_tag?post=197816"}],"curies":[{"name":"wp","href":"https:\/\/api.w.org\/{rel}","templated":true}]}}