{"id":197962,"date":"2022-05-12T10:34:45","date_gmt":"2022-05-12T15:34:45","guid":{"rendered":"https:\/\/website.dev.stmtires.com\/shop\/sin categor\u00eda\/275-70r16-latitude-tour-hp\/"},"modified":"2022-05-12T10:34:45","modified_gmt":"2022-05-12T15:34:45","slug":"275-70r16-latitud-tour-hp","status":"publish","type":"product","link":"https:\/\/stmtires.com\/es\/shop\/michelin-es\/275-70r16-latitud-tour-hp\/","title":{"rendered":"275\/70R16 LATITUDE TOUR HP"},"content":{"rendered":"<p>Neum\u00e1tico de autom\u00f3vil de pasajeros de rendimiento para todas las estaciones para veh\u00edculos crossover premium. Tecnolog\u00eda ZP (Zero Pressure) Run Flat disponible en tama\u00f1os seleccionados.<\/p>\n","protected":false},"excerpt":{"rendered":"<p>Neum\u00e1tico de autom\u00f3vil de pasajeros de rendimiento para todas las estaciones para veh\u00edculos crossover premium. Tecnolog\u00eda ZP (Zero Pressure) Run Flat disponible en tama\u00f1os seleccionados.<\/p>\n","protected":false},"featured_media":0,"comment_status":"open","ping_status":"closed","template":"","meta":{"_acf_changed":false,"subheading":[]},"product_model":[25355],"product_brand":[15734],"product_cat":[25986],"product_tag":[],"class_list":{"0":"post-197962","1":"product","2":"type-product","3":"status-publish","5":"product_model-latitude-tour-hp-es","6":"product_brand-michelin-es","7":"product_cat-luz-de-pasajero","8":"pa_tire-size-275-70r16-es","10":"first","11":"instock","12":"shipping-taxable","13":"purchasable","14":"product-type-simple"},"acf":[],"_links":{"self":[{"href":"https:\/\/stmtires.com\/es\/wp-json\/wp\/v2\/product\/197962","targetHints":{"allow":["GET"]}}],"collection":[{"href":"https:\/\/stmtires.com\/es\/wp-json\/wp\/v2\/product"}],"about":[{"href":"https:\/\/stmtires.com\/es\/wp-json\/wp\/v2\/types\/product"}],"replies":[{"embeddable":true,"href":"https:\/\/stmtires.com\/es\/wp-json\/wp\/v2\/comments?post=197962"}],"wp:attachment":[{"href":"https:\/\/stmtires.com\/es\/wp-json\/wp\/v2\/media?parent=197962"}],"wp:term":[{"taxonomy":"product_model","embeddable":true,"href":"https:\/\/stmtires.com\/es\/wp-json\/wp\/v2\/product_model?post=197962"},{"taxonomy":"product_brand","embeddable":true,"href":"https:\/\/stmtires.com\/es\/wp-json\/wp\/v2\/product_brand?post=197962"},{"taxonomy":"product_cat","embeddable":true,"href":"https:\/\/stmtires.com\/es\/wp-json\/wp\/v2\/product_cat?post=197962"},{"taxonomy":"product_tag","embeddable":true,"href":"https:\/\/stmtires.com\/es\/wp-json\/wp\/v2\/product_tag?post=197962"}],"curies":[{"name":"wp","href":"https:\/\/api.w.org\/{rel}","templated":true}]}}