{"id":198326,"date":"2022-05-12T10:13:19","date_gmt":"2022-05-12T15:13:19","guid":{"rendered":"https:\/\/website.dev.stmtires.com\/shop\/sin categor\u00eda\/205-65r16c-d-vancofourteestano\/"},"modified":"2022-05-12T10:13:19","modified_gmt":"2022-05-12T15:13:19","slug":"205-65r16c-d-vancofourseason-2","status":"publish","type":"product","link":"https:\/\/stmtires.com\/es\/shop\/tires\/205-65r16c-d-vancofourseason-2\/","title":{"rendered":"205\/65R16C D VANCOFOURTEESTA\u00d1O"},"content":{"rendered":"<p>Neum\u00e1tico de cami\u00f3n ligero comercial \/ furgoneta para toda la temporada de la carretera.<\/p>\n","protected":false},"excerpt":{"rendered":"<p>Neum\u00e1tico de cami\u00f3n ligero comercial \/ furgoneta para toda la temporada de la carretera.<\/p>\n","protected":false},"featured_media":106417,"comment_status":"open","ping_status":"closed","template":"","meta":{"_acf_changed":false,"subheading":[]},"product_model":[25293],"product_brand":[],"product_cat":[],"product_tag":[],"class_list":{"0":"post-198326","1":"product","2":"type-product","3":"status-publish","4":"has-post-thumbnail","6":"product_model-vancofourseason-es","8":"first","9":"instock","10":"shipping-taxable","11":"purchasable","12":"product-type-simple"},"acf":[],"_links":{"self":[{"href":"https:\/\/stmtires.com\/es\/wp-json\/wp\/v2\/product\/198326","targetHints":{"allow":["GET"]}}],"collection":[{"href":"https:\/\/stmtires.com\/es\/wp-json\/wp\/v2\/product"}],"about":[{"href":"https:\/\/stmtires.com\/es\/wp-json\/wp\/v2\/types\/product"}],"replies":[{"embeddable":true,"href":"https:\/\/stmtires.com\/es\/wp-json\/wp\/v2\/comments?post=198326"}],"wp:featuredmedia":[{"embeddable":true,"href":"https:\/\/stmtires.com\/es\/wp-json\/wp\/v2\/media\/106417"}],"wp:attachment":[{"href":"https:\/\/stmtires.com\/es\/wp-json\/wp\/v2\/media?parent=198326"}],"wp:term":[{"taxonomy":"product_model","embeddable":true,"href":"https:\/\/stmtires.com\/es\/wp-json\/wp\/v2\/product_model?post=198326"},{"taxonomy":"product_brand","embeddable":true,"href":"https:\/\/stmtires.com\/es\/wp-json\/wp\/v2\/product_brand?post=198326"},{"taxonomy":"product_cat","embeddable":true,"href":"https:\/\/stmtires.com\/es\/wp-json\/wp\/v2\/product_cat?post=198326"},{"taxonomy":"product_tag","embeddable":true,"href":"https:\/\/stmtires.com\/es\/wp-json\/wp\/v2\/product_tag?post=198326"}],"curies":[{"name":"wp","href":"https:\/\/api.w.org\/{rel}","templated":true}]}}