{"id":198428,"date":"2022-05-12T16:05:15","date_gmt":"2022-05-12T21:05:15","guid":{"rendered":"https:\/\/website.dev.stmtires.com\/shop\/sin categor\u00eda\/275-50r20-dueler-h-l-400-moe\/"},"modified":"2022-06-07T23:16:31","modified_gmt":"2022-06-08T04:16:31","slug":"275-50r20-dueler-h-l-400-moe-2","status":"publish","type":"product","link":"https:\/\/stmtires.com\/es\/shop\/bridgestone-es\/275-50r20-dueler-h-l-400-moe-2\/","title":{"rendered":"275\/50R20 DUELER H\/L 400 MOE"},"content":{"rendered":"<p>Neum\u00e1tico de cami\u00f3n ligero \/ mediano para todas las estaciones. Neum\u00e1tico de equipo original (OE) en veh\u00edculos seleccionados. Tecnolog\u00eda Run Flat disponible en tama\u00f1os seleccionados.<\/p>\n","protected":false},"excerpt":{"rendered":"<p>Neum\u00e1tico de cami\u00f3n ligero \/ mediano para todas las estaciones. Neum\u00e1tico de equipo original (OE) en veh\u00edculos seleccionados. Tecnolog\u00eda Run Flat disponible en tama\u00f1os seleccionados.<\/p>\n","protected":false},"featured_media":0,"comment_status":"open","ping_status":"closed","template":"","meta":{"_acf_changed":false,"subheading":[]},"product_model":[25810],"product_brand":[],"product_cat":[19271,19242,19253],"product_tag":[],"class_list":{"0":"post-198428","1":"product","2":"type-product","3":"status-publish","5":"product_model-dueler-h-l-400-es","6":"product_cat-corre-plano","7":"product_cat-equipo-original-oe","8":"product_cat-uncategorized","9":"pa_tire-size-275-50r20-es","11":"first","12":"instock","13":"shipping-taxable","14":"purchasable","15":"product-type-simple"},"acf":[],"_links":{"self":[{"href":"https:\/\/stmtires.com\/es\/wp-json\/wp\/v2\/product\/198428","targetHints":{"allow":["GET"]}}],"collection":[{"href":"https:\/\/stmtires.com\/es\/wp-json\/wp\/v2\/product"}],"about":[{"href":"https:\/\/stmtires.com\/es\/wp-json\/wp\/v2\/types\/product"}],"replies":[{"embeddable":true,"href":"https:\/\/stmtires.com\/es\/wp-json\/wp\/v2\/comments?post=198428"}],"wp:attachment":[{"href":"https:\/\/stmtires.com\/es\/wp-json\/wp\/v2\/media?parent=198428"}],"wp:term":[{"taxonomy":"product_model","embeddable":true,"href":"https:\/\/stmtires.com\/es\/wp-json\/wp\/v2\/product_model?post=198428"},{"taxonomy":"product_brand","embeddable":true,"href":"https:\/\/stmtires.com\/es\/wp-json\/wp\/v2\/product_brand?post=198428"},{"taxonomy":"product_cat","embeddable":true,"href":"https:\/\/stmtires.com\/es\/wp-json\/wp\/v2\/product_cat?post=198428"},{"taxonomy":"product_tag","embeddable":true,"href":"https:\/\/stmtires.com\/es\/wp-json\/wp\/v2\/product_tag?post=198428"}],"curies":[{"name":"wp","href":"https:\/\/api.w.org\/{rel}","templated":true}]}}