{"id":198566,"date":"2022-05-12T10:39:42","date_gmt":"2022-05-12T15:39:42","guid":{"rendered":"https:\/\/website.dev.stmtires.com\/shop\/sin categor\u00eda\/275-70r22-5-j-xza2-energia\/"},"modified":"2022-05-12T10:39:42","modified_gmt":"2022-05-12T15:39:42","slug":"275-70r22-5-j-xza2-energia","status":"publish","type":"product","link":"https:\/\/stmtires.com\/es\/shop\/michelin-es\/275-70r22-5-j-xza2-energia\/","title":{"rendered":"275\/70R22.5 J XZA2 ENERG\u00cdA"},"content":{"rendered":"<p>Cami\u00f3n\/Autob\u00fas Comercial. Neum\u00e1tico de cami\u00f3n radial de servicio medio verificado por SmartWay en todas las posiciones dise\u00f1ado para el servicio de eje de direcci\u00f3n de larga duraci\u00f3n en aplicaciones de transporte en l\u00ednea.<\/p>\n","protected":false},"excerpt":{"rendered":"<p>Cami\u00f3n\/Autob\u00fas Comercial. Neum\u00e1tico de cami\u00f3n radial de servicio medio verificado por SmartWay en todas las posiciones dise\u00f1ado para el servicio de eje de direcci\u00f3n de larga duraci\u00f3n en aplicaciones de transporte en l\u00ednea.<\/p>\n","protected":false},"featured_media":225053,"comment_status":"open","ping_status":"closed","template":"","meta":{"_acf_changed":false,"subheading":[]},"product_model":[25272],"product_brand":[15734],"product_cat":[19321,19288],"product_tag":[],"class_list":{"0":"post-198566","1":"product","2":"type-product","3":"status-publish","4":"has-post-thumbnail","6":"product_model-xza2-energy-es","7":"product_brand-michelin-es","8":"product_cat-conducir-es","9":"product_cat-conducir","10":"pa_tire-size-275-70r22-5-es","12":"first","13":"instock","14":"shipping-taxable","15":"purchasable","16":"product-type-simple"},"acf":[],"_links":{"self":[{"href":"https:\/\/stmtires.com\/es\/wp-json\/wp\/v2\/product\/198566","targetHints":{"allow":["GET"]}}],"collection":[{"href":"https:\/\/stmtires.com\/es\/wp-json\/wp\/v2\/product"}],"about":[{"href":"https:\/\/stmtires.com\/es\/wp-json\/wp\/v2\/types\/product"}],"replies":[{"embeddable":true,"href":"https:\/\/stmtires.com\/es\/wp-json\/wp\/v2\/comments?post=198566"}],"wp:featuredmedia":[{"embeddable":true,"href":"https:\/\/stmtires.com\/es\/wp-json\/wp\/v2\/media\/225053"}],"wp:attachment":[{"href":"https:\/\/stmtires.com\/es\/wp-json\/wp\/v2\/media?parent=198566"}],"wp:term":[{"taxonomy":"product_model","embeddable":true,"href":"https:\/\/stmtires.com\/es\/wp-json\/wp\/v2\/product_model?post=198566"},{"taxonomy":"product_brand","embeddable":true,"href":"https:\/\/stmtires.com\/es\/wp-json\/wp\/v2\/product_brand?post=198566"},{"taxonomy":"product_cat","embeddable":true,"href":"https:\/\/stmtires.com\/es\/wp-json\/wp\/v2\/product_cat?post=198566"},{"taxonomy":"product_tag","embeddable":true,"href":"https:\/\/stmtires.com\/es\/wp-json\/wp\/v2\/product_tag?post=198566"}],"curies":[{"name":"wp","href":"https:\/\/api.w.org\/{rel}","templated":true}]}}