{"id":198850,"date":"2022-05-12T15:50:50","date_gmt":"2022-05-12T20:50:50","guid":{"rendered":"https:\/\/website.dev.stmtires.com\/shop\/sin categor\u00eda\/275-40r20-xl-dueler-h-p-sport-runflat\/"},"modified":"2022-05-12T15:50:50","modified_gmt":"2022-05-12T20:50:50","slug":"275-40r20-xl-dueler-h-p-sport-runflat-2","status":"publish","type":"product","link":"https:\/\/stmtires.com\/es\/shop\/bridgestone-es\/275-40r20-xl-dueler-h-p-sport-runflat-2\/","title":{"rendered":"275\/40R20 XL DUELER H\/P SPORT RUNFLAT (*)"},"content":{"rendered":"<p>Neum\u00e1tico de verano para camiones ligeros de pasajeros \/ SUV de alto rendimiento. Equipo original en veh\u00edculos seleccionados. Tecnolog\u00eda Run Flat disponible en tama\u00f1os seleccionados.<\/p>\n","protected":false},"excerpt":{"rendered":"<p>Neum\u00e1tico de verano para camiones ligeros de pasajeros \/ SUV de alto rendimiento. Equipo original en veh\u00edculos seleccionados. Tecnolog\u00eda Run Flat disponible en tama\u00f1os seleccionados.<\/p>\n","protected":false},"featured_media":0,"comment_status":"open","ping_status":"closed","template":"","meta":{"_acf_changed":false,"subheading":[]},"product_model":[22902],"product_brand":[],"product_cat":[19264,19241,19242,25986,19287,19240,19253],"product_tag":[],"class_list":{"0":"post-198850","1":"product","2":"type-product","3":"status-publish","5":"product_model-dueler-h-p-sport-es","6":"product_cat-alto-rendimiento-hp","7":"product_cat-camion-ligero-de-pasajeros-suv","8":"product_cat-equipo-original-oe","9":"product_cat-luz-de-pasajero","10":"product_cat-servicio-de-autopistas","11":"product_cat-terreno-de-la-autopista-h-t","12":"product_cat-uncategorized","13":"pa_tire-size-275-40r20-es","15":"first","16":"instock","17":"shipping-taxable","18":"purchasable","19":"product-type-simple"},"acf":[],"_links":{"self":[{"href":"https:\/\/stmtires.com\/es\/wp-json\/wp\/v2\/product\/198850","targetHints":{"allow":["GET"]}}],"collection":[{"href":"https:\/\/stmtires.com\/es\/wp-json\/wp\/v2\/product"}],"about":[{"href":"https:\/\/stmtires.com\/es\/wp-json\/wp\/v2\/types\/product"}],"replies":[{"embeddable":true,"href":"https:\/\/stmtires.com\/es\/wp-json\/wp\/v2\/comments?post=198850"}],"wp:attachment":[{"href":"https:\/\/stmtires.com\/es\/wp-json\/wp\/v2\/media?parent=198850"}],"wp:term":[{"taxonomy":"product_model","embeddable":true,"href":"https:\/\/stmtires.com\/es\/wp-json\/wp\/v2\/product_model?post=198850"},{"taxonomy":"product_brand","embeddable":true,"href":"https:\/\/stmtires.com\/es\/wp-json\/wp\/v2\/product_brand?post=198850"},{"taxonomy":"product_cat","embeddable":true,"href":"https:\/\/stmtires.com\/es\/wp-json\/wp\/v2\/product_cat?post=198850"},{"taxonomy":"product_tag","embeddable":true,"href":"https:\/\/stmtires.com\/es\/wp-json\/wp\/v2\/product_tag?post=198850"}],"curies":[{"name":"wp","href":"https:\/\/api.w.org\/{rel}","templated":true}]}}