{"id":198939,"date":"2022-05-12T16:19:27","date_gmt":"2022-05-12T21:19:27","guid":{"rendered":"https:\/\/website.dev.stmtires.com\/shop\/sin categor\u00eda\/275-40r19-potenza-re970as-pole-position\/"},"modified":"2023-01-06T10:03:23","modified_gmt":"2023-01-06T16:03:23","slug":"275-40r19-potenza-re970as-pole-position-2","status":"publish","type":"product","link":"https:\/\/stmtires.com\/es\/shop\/bridgestone-es\/275-40r19-potenza-re970as-pole-position-2\/","title":{"rendered":"275\/40R19 POTENZA RE970AS POLE POSITION"},"content":{"rendered":"<p>Neum\u00e1tico de autom\u00f3vil de pasajeros de ultra alto rendimiento para autom\u00f3viles deportivos sofisticados, cup\u00e9s deportivos y sedanes.<\/p>\n","protected":false},"excerpt":{"rendered":"<p>Neum\u00e1tico de autom\u00f3vil de pasajeros de ultra alto rendimiento para autom\u00f3viles deportivos sofisticados, cup\u00e9s deportivos y sedanes.<\/p>\n","protected":false},"featured_media":0,"comment_status":"open","ping_status":"closed","template":"","meta":{"_acf_changed":false,"subheading":[]},"product_model":[25804],"product_brand":[],"product_cat":[19264,16436,16237,19253],"product_tag":[],"class_list":{"0":"post-198939","1":"product","2":"type-product","3":"status-publish","5":"product_model-potenza-re970as-pole-position-es","6":"product_cat-alto-rendimiento-hp","7":"product_cat-rendimiento-ultra-alto-uhp","8":"product_cat-ultra-high-performance-uhp","9":"product_cat-uncategorized","10":"pa_tire-size-275-40r19-es","12":"first","13":"instock","14":"shipping-taxable","15":"purchasable","16":"product-type-simple"},"acf":[],"_links":{"self":[{"href":"https:\/\/stmtires.com\/es\/wp-json\/wp\/v2\/product\/198939","targetHints":{"allow":["GET"]}}],"collection":[{"href":"https:\/\/stmtires.com\/es\/wp-json\/wp\/v2\/product"}],"about":[{"href":"https:\/\/stmtires.com\/es\/wp-json\/wp\/v2\/types\/product"}],"replies":[{"embeddable":true,"href":"https:\/\/stmtires.com\/es\/wp-json\/wp\/v2\/comments?post=198939"}],"wp:attachment":[{"href":"https:\/\/stmtires.com\/es\/wp-json\/wp\/v2\/media?parent=198939"}],"wp:term":[{"taxonomy":"product_model","embeddable":true,"href":"https:\/\/stmtires.com\/es\/wp-json\/wp\/v2\/product_model?post=198939"},{"taxonomy":"product_brand","embeddable":true,"href":"https:\/\/stmtires.com\/es\/wp-json\/wp\/v2\/product_brand?post=198939"},{"taxonomy":"product_cat","embeddable":true,"href":"https:\/\/stmtires.com\/es\/wp-json\/wp\/v2\/product_cat?post=198939"},{"taxonomy":"product_tag","embeddable":true,"href":"https:\/\/stmtires.com\/es\/wp-json\/wp\/v2\/product_tag?post=198939"}],"curies":[{"name":"wp","href":"https:\/\/api.w.org\/{rel}","templated":true}]}}