{"id":199033,"date":"2022-05-12T11:35:58","date_gmt":"2022-05-12T16:35:58","guid":{"rendered":"https:\/\/website.dev.stmtires.com\/shop\/sin categor\u00eda\/275-35zr18-proxes-t1-sport\/"},"modified":"2022-05-12T11:35:58","modified_gmt":"2022-05-12T16:35:58","slug":"275-35zr18-proxes-t1-sport-2","status":"publish","type":"product","link":"https:\/\/stmtires.com\/es\/shop\/toyo-es\/275-35zr18-proxes-t1-sport-2\/","title":{"rendered":"275\/35ZR18 PROXES T1 SPORT"},"content":{"rendered":"<p>Neum\u00e1tico de verano para turismos de ultra alto rendimiento. Ciertos tama\u00f1os de equipo original en veh\u00edculos seleccionados.<\/p>\n","protected":false},"excerpt":{"rendered":"<p>Neum\u00e1tico de verano para turismos de ultra alto rendimiento. Ciertos tama\u00f1os de equipo original en veh\u00edculos seleccionados.<\/p>\n","protected":false},"featured_media":0,"comment_status":"open","ping_status":"closed","template":"","meta":{"_acf_changed":false,"subheading":[]},"product_model":[25562],"product_brand":[15760],"product_cat":[19264,19242,16244,16436,19253],"product_tag":[],"class_list":{"0":"post-199033","1":"product","2":"type-product","3":"status-publish","5":"product_model-proxes-t1-sport-es","6":"product_brand-toyo-es","7":"product_cat-alto-rendimiento-hp","8":"product_cat-equipo-original-oe","9":"product_cat-original-equipment-oe","10":"product_cat-rendimiento-ultra-alto-uhp","11":"product_cat-uncategorized","12":"pa_tire-size-275-35r18-es","14":"first","15":"instock","16":"shipping-taxable","17":"purchasable","18":"product-type-simple"},"acf":[],"_links":{"self":[{"href":"https:\/\/stmtires.com\/es\/wp-json\/wp\/v2\/product\/199033","targetHints":{"allow":["GET"]}}],"collection":[{"href":"https:\/\/stmtires.com\/es\/wp-json\/wp\/v2\/product"}],"about":[{"href":"https:\/\/stmtires.com\/es\/wp-json\/wp\/v2\/types\/product"}],"replies":[{"embeddable":true,"href":"https:\/\/stmtires.com\/es\/wp-json\/wp\/v2\/comments?post=199033"}],"wp:attachment":[{"href":"https:\/\/stmtires.com\/es\/wp-json\/wp\/v2\/media?parent=199033"}],"wp:term":[{"taxonomy":"product_model","embeddable":true,"href":"https:\/\/stmtires.com\/es\/wp-json\/wp\/v2\/product_model?post=199033"},{"taxonomy":"product_brand","embeddable":true,"href":"https:\/\/stmtires.com\/es\/wp-json\/wp\/v2\/product_brand?post=199033"},{"taxonomy":"product_cat","embeddable":true,"href":"https:\/\/stmtires.com\/es\/wp-json\/wp\/v2\/product_cat?post=199033"},{"taxonomy":"product_tag","embeddable":true,"href":"https:\/\/stmtires.com\/es\/wp-json\/wp\/v2\/product_tag?post=199033"}],"curies":[{"name":"wp","href":"https:\/\/api.w.org\/{rel}","templated":true}]}}