{"id":199578,"date":"2022-05-12T11:54:12","date_gmt":"2022-05-12T16:54:12","guid":{"rendered":"https:\/\/website.dev.stmtires.com\/shop\/sin categor\u00eda\/27-00r49-2-tl-x-traction-b-e-4\/"},"modified":"2022-05-12T11:54:12","modified_gmt":"2022-05-12T16:54:12","slug":"27-00r49-2-tl-x-traccion-b-e-4","status":"publish","type":"product","link":"https:\/\/stmtires.com\/es\/shop\/michelin-es\/27-00r49-2-tl-x-traccion-b-e-4\/","title":{"rendered":"27.00R49 2* TL X-TRACTION B E-4"},"content":{"rendered":"<p>Neum\u00e1tico de tracci\u00f3n OTR Earthmover para aplicaciones de miner\u00eda y camiones volquete<\/p>\n","protected":false},"excerpt":{"rendered":"<p>Neum\u00e1tico de tracci\u00f3n OTR Earthmover para aplicaciones de miner\u00eda y camiones volquete<\/p>\n","protected":false},"featured_media":0,"comment_status":"open","ping_status":"closed","template":"","meta":{"_acf_changed":false,"subheading":[]},"product_model":[25654],"product_brand":[15734],"product_cat":[19309,19253],"product_tag":[],"class_list":{"0":"post-199578","1":"product","2":"type-product","3":"status-publish","5":"product_model-x-traction-es","6":"product_brand-michelin-es","7":"product_cat-otr-construccion","8":"product_cat-uncategorized","9":"pa_tire-size-27r49-es","11":"first","12":"instock","13":"shipping-taxable","14":"purchasable","15":"product-type-simple"},"acf":[],"_links":{"self":[{"href":"https:\/\/stmtires.com\/es\/wp-json\/wp\/v2\/product\/199578","targetHints":{"allow":["GET"]}}],"collection":[{"href":"https:\/\/stmtires.com\/es\/wp-json\/wp\/v2\/product"}],"about":[{"href":"https:\/\/stmtires.com\/es\/wp-json\/wp\/v2\/types\/product"}],"replies":[{"embeddable":true,"href":"https:\/\/stmtires.com\/es\/wp-json\/wp\/v2\/comments?post=199578"}],"wp:attachment":[{"href":"https:\/\/stmtires.com\/es\/wp-json\/wp\/v2\/media?parent=199578"}],"wp:term":[{"taxonomy":"product_model","embeddable":true,"href":"https:\/\/stmtires.com\/es\/wp-json\/wp\/v2\/product_model?post=199578"},{"taxonomy":"product_brand","embeddable":true,"href":"https:\/\/stmtires.com\/es\/wp-json\/wp\/v2\/product_brand?post=199578"},{"taxonomy":"product_cat","embeddable":true,"href":"https:\/\/stmtires.com\/es\/wp-json\/wp\/v2\/product_cat?post=199578"},{"taxonomy":"product_tag","embeddable":true,"href":"https:\/\/stmtires.com\/es\/wp-json\/wp\/v2\/product_tag?post=199578"}],"curies":[{"name":"wp","href":"https:\/\/api.w.org\/{rel}","templated":true}]}}