{"id":199788,"date":"2022-05-12T11:20:41","date_gmt":"2022-05-12T16:20:41","guid":{"rendered":"https:\/\/website.dev.stmtires.com\/shop\/sin categor\u00eda\/265-75r225-g-tl-m154\/"},"modified":"2022-05-12T11:20:41","modified_gmt":"2022-05-12T16:20:41","slug":"265-75r22-5-g-tl-m154-2","status":"publish","type":"product","link":"https:\/\/stmtires.com\/es\/shop\/toyo-es\/265-75r22-5-g-tl-m154-2\/","title":{"rendered":"265\/75R22,5 G TL M154"},"content":{"rendered":"<p>Cami\u00f3n\/Autob\u00fas Comercial. Neum\u00e1tico radial de cami\u00f3n de servicio mediano profundo de todas las posiciones verificado por SmartWay dise\u00f1ado para el servicio regional y urbano.<\/p>\n","protected":false},"excerpt":{"rendered":"<p>Cami\u00f3n\/Autob\u00fas Comercial. Neum\u00e1tico radial de cami\u00f3n de servicio mediano profundo de todas las posiciones verificado por SmartWay dise\u00f1ado para el servicio regional y urbano.<\/p>\n","protected":false},"featured_media":0,"comment_status":"open","ping_status":"closed","template":"","meta":{"_acf_changed":false,"subheading":[]},"product_model":[25280],"product_brand":[15760],"product_cat":[19286,19289,19332,19323,19316,19253],"product_tag":[],"class_list":{"0":"post-199788","1":"product","2":"type-product","3":"status-publish","5":"product_model-m154-es","6":"product_brand-toyo-es","7":"product_cat-camion-autobus-comercial","8":"product_cat-radial-es","9":"product_cat-servicio-regional","10":"product_cat-smartway-en-ingles","11":"product_cat-todas-las-posiciones","12":"product_cat-uncategorized","13":"pa_tire-size-265-75r22-5-es","15":"first","16":"instock","17":"shipping-taxable","18":"purchasable","19":"product-type-simple"},"acf":[],"_links":{"self":[{"href":"https:\/\/stmtires.com\/es\/wp-json\/wp\/v2\/product\/199788","targetHints":{"allow":["GET"]}}],"collection":[{"href":"https:\/\/stmtires.com\/es\/wp-json\/wp\/v2\/product"}],"about":[{"href":"https:\/\/stmtires.com\/es\/wp-json\/wp\/v2\/types\/product"}],"replies":[{"embeddable":true,"href":"https:\/\/stmtires.com\/es\/wp-json\/wp\/v2\/comments?post=199788"}],"wp:attachment":[{"href":"https:\/\/stmtires.com\/es\/wp-json\/wp\/v2\/media?parent=199788"}],"wp:term":[{"taxonomy":"product_model","embeddable":true,"href":"https:\/\/stmtires.com\/es\/wp-json\/wp\/v2\/product_model?post=199788"},{"taxonomy":"product_brand","embeddable":true,"href":"https:\/\/stmtires.com\/es\/wp-json\/wp\/v2\/product_brand?post=199788"},{"taxonomy":"product_cat","embeddable":true,"href":"https:\/\/stmtires.com\/es\/wp-json\/wp\/v2\/product_cat?post=199788"},{"taxonomy":"product_tag","embeddable":true,"href":"https:\/\/stmtires.com\/es\/wp-json\/wp\/v2\/product_tag?post=199788"}],"curies":[{"name":"wp","href":"https:\/\/api.w.org\/{rel}","templated":true}]}}