{"id":199874,"date":"2022-05-12T11:53:14","date_gmt":"2022-05-12T16:53:14","guid":{"rendered":"https:\/\/website.dev.stmtires.com\/shop\/sin categor\u00eda\/265-70r19-5-h-x-linea-energia-t-19-5\/"},"modified":"2022-05-12T11:53:14","modified_gmt":"2022-05-12T16:53:14","slug":"265-70r19-5-h-x-line-energy-t-19-5-2","status":"publish","type":"product","link":"https:\/\/stmtires.com\/es\/shop\/michelin-es\/265-70r19-5-h-x-line-energy-t-19-5-2\/","title":{"rendered":"265\/70R19.5 H X L\u00cdNEA ENERG\u00cdA T (19.5)"},"content":{"rendered":"<p>Cami\u00f3n\/Autob\u00fas Comercial. Cami\u00f3n de servicio mediano Neum\u00e1tico de posici\u00f3n de remolque de di\u00e1metro peque\u00f1o dise\u00f1ado para el servicio de alto cubo en aplicaciones de transporte en l\u00ednea.<\/p>\n","protected":false},"excerpt":{"rendered":"<p>Cami\u00f3n\/Autob\u00fas Comercial. Cami\u00f3n de servicio mediano Neum\u00e1tico de posici\u00f3n de remolque de di\u00e1metro peque\u00f1o dise\u00f1ado para el servicio de alto cubo en aplicaciones de transporte en l\u00ednea.<\/p>\n","protected":false},"featured_media":226727,"comment_status":"open","ping_status":"closed","template":"","meta":{"_acf_changed":false,"subheading":[]},"product_model":[25643],"product_brand":[15734],"product_cat":[19253],"product_tag":[],"class_list":{"0":"post-199874","1":"product","2":"type-product","3":"status-publish","4":"has-post-thumbnail","6":"product_model-x-line-energy-t-19-5-es","7":"product_brand-michelin-es","8":"product_cat-uncategorized","9":"pa_tire-size-265-70r19-5-es","11":"first","12":"instock","13":"shipping-taxable","14":"purchasable","15":"product-type-simple"},"acf":[],"_links":{"self":[{"href":"https:\/\/stmtires.com\/es\/wp-json\/wp\/v2\/product\/199874","targetHints":{"allow":["GET"]}}],"collection":[{"href":"https:\/\/stmtires.com\/es\/wp-json\/wp\/v2\/product"}],"about":[{"href":"https:\/\/stmtires.com\/es\/wp-json\/wp\/v2\/types\/product"}],"replies":[{"embeddable":true,"href":"https:\/\/stmtires.com\/es\/wp-json\/wp\/v2\/comments?post=199874"}],"wp:featuredmedia":[{"embeddable":true,"href":"https:\/\/stmtires.com\/es\/wp-json\/wp\/v2\/media\/226727"}],"wp:attachment":[{"href":"https:\/\/stmtires.com\/es\/wp-json\/wp\/v2\/media?parent=199874"}],"wp:term":[{"taxonomy":"product_model","embeddable":true,"href":"https:\/\/stmtires.com\/es\/wp-json\/wp\/v2\/product_model?post=199874"},{"taxonomy":"product_brand","embeddable":true,"href":"https:\/\/stmtires.com\/es\/wp-json\/wp\/v2\/product_brand?post=199874"},{"taxonomy":"product_cat","embeddable":true,"href":"https:\/\/stmtires.com\/es\/wp-json\/wp\/v2\/product_cat?post=199874"},{"taxonomy":"product_tag","embeddable":true,"href":"https:\/\/stmtires.com\/es\/wp-json\/wp\/v2\/product_tag?post=199874"}],"curies":[{"name":"wp","href":"https:\/\/api.w.org\/{rel}","templated":true}]}}