{"id":199914,"date":"2022-05-12T16:09:21","date_gmt":"2022-05-12T21:09:21","guid":{"rendered":"https:\/\/website.dev.stmtires.com\/shop\/sin categor\u00eda\/21-00r25-tl-vsj-e-7\/"},"modified":"2022-05-12T16:09:21","modified_gmt":"2022-05-12T21:09:21","slug":"21-00r25-tl-vsj-e-7-2","status":"publish","type":"product","link":"https:\/\/stmtires.com\/es\/shop\/bridgestone-es\/21-00r25-tl-vsj-e-7-2\/","title":{"rendered":"21.00R25 TL VSJ E-7"},"content":{"rendered":"<p>Neum\u00e1tico de flotaci\u00f3n radial OTR Earthmover E-7 dise\u00f1ado para aplicaciones militares y de veh\u00edculos de bomberos y rescate.<\/p>\n","protected":false},"excerpt":{"rendered":"<p>Neum\u00e1tico de flotaci\u00f3n radial OTR Earthmover E-7 dise\u00f1ado para aplicaciones militares y de veh\u00edculos de bomberos y rescate.<\/p>\n","protected":false},"featured_media":0,"comment_status":"open","ping_status":"closed","template":"","meta":{"_acf_changed":false,"subheading":[]},"product_model":[25834],"product_brand":[],"product_cat":[19289,19253],"product_tag":[],"class_list":{"0":"post-199914","1":"product","2":"type-product","3":"status-publish","5":"product_model-vsj-v-steel-jamal-es","6":"product_cat-radial-es","7":"product_cat-uncategorized","8":"pa_tire-size-21r25-es","10":"first","11":"instock","12":"shipping-taxable","13":"purchasable","14":"product-type-simple"},"acf":[],"_links":{"self":[{"href":"https:\/\/stmtires.com\/es\/wp-json\/wp\/v2\/product\/199914","targetHints":{"allow":["GET"]}}],"collection":[{"href":"https:\/\/stmtires.com\/es\/wp-json\/wp\/v2\/product"}],"about":[{"href":"https:\/\/stmtires.com\/es\/wp-json\/wp\/v2\/types\/product"}],"replies":[{"embeddable":true,"href":"https:\/\/stmtires.com\/es\/wp-json\/wp\/v2\/comments?post=199914"}],"wp:attachment":[{"href":"https:\/\/stmtires.com\/es\/wp-json\/wp\/v2\/media?parent=199914"}],"wp:term":[{"taxonomy":"product_model","embeddable":true,"href":"https:\/\/stmtires.com\/es\/wp-json\/wp\/v2\/product_model?post=199914"},{"taxonomy":"product_brand","embeddable":true,"href":"https:\/\/stmtires.com\/es\/wp-json\/wp\/v2\/product_brand?post=199914"},{"taxonomy":"product_cat","embeddable":true,"href":"https:\/\/stmtires.com\/es\/wp-json\/wp\/v2\/product_cat?post=199914"},{"taxonomy":"product_tag","embeddable":true,"href":"https:\/\/stmtires.com\/es\/wp-json\/wp\/v2\/product_tag?post=199914"}],"curies":[{"name":"wp","href":"https:\/\/api.w.org\/{rel}","templated":true}]}}