{"id":200034,"date":"2022-05-12T11:26:26","date_gmt":"2022-05-12T16:26:26","guid":{"rendered":"https:\/\/website.dev.stmtires.com\/shop\/sin categor\u00eda\/21-5l-16-1-c-tl-cesped-y-campo\/"},"modified":"2022-05-12T11:26:26","modified_gmt":"2022-05-12T16:26:26","slug":"21-5l-16-1-c-tl-cesped-y-campo","status":"publish","type":"product","link":"https:\/\/stmtires.com\/es\/shop\/firestone-es\/21-5l-16-1-c-tl-cesped-y-campo\/","title":{"rendered":"21.5L-16.1 C TL C\u00c9SPED Y CAMPO"},"content":{"rendered":"<p>Neum\u00e1tico agr\u00edcola R-3 Bias dise\u00f1ado para el uso del eje motriz en campos de golf y parques.<\/p>\n","protected":false},"excerpt":{"rendered":"<p>Neum\u00e1tico agr\u00edcola R-3 Bias dise\u00f1ado para el uso del eje motriz en campos de golf y parques.<\/p>\n","protected":false},"featured_media":0,"comment_status":"open","ping_status":"closed","template":"","meta":{"_acf_changed":false,"subheading":[]},"product_model":[25552],"product_brand":[15736],"product_cat":[26128,19288,19349,19355,19253],"product_tag":[],"class_list":{"0":"post-200034","1":"product","2":"type-product","3":"status-publish","5":"product_model-turf-and-field-r-3-es","6":"product_brand-firestone-es","7":"product_cat-agricola","8":"product_cat-conducir","9":"product_cat-golf-es","10":"product_cat-predisposicion","11":"product_cat-uncategorized","12":"pa_tire-size-21-5r16-1-es","14":"first","15":"instock","16":"shipping-taxable","17":"purchasable","18":"product-type-simple"},"acf":[],"_links":{"self":[{"href":"https:\/\/stmtires.com\/es\/wp-json\/wp\/v2\/product\/200034","targetHints":{"allow":["GET"]}}],"collection":[{"href":"https:\/\/stmtires.com\/es\/wp-json\/wp\/v2\/product"}],"about":[{"href":"https:\/\/stmtires.com\/es\/wp-json\/wp\/v2\/types\/product"}],"replies":[{"embeddable":true,"href":"https:\/\/stmtires.com\/es\/wp-json\/wp\/v2\/comments?post=200034"}],"wp:attachment":[{"href":"https:\/\/stmtires.com\/es\/wp-json\/wp\/v2\/media?parent=200034"}],"wp:term":[{"taxonomy":"product_model","embeddable":true,"href":"https:\/\/stmtires.com\/es\/wp-json\/wp\/v2\/product_model?post=200034"},{"taxonomy":"product_brand","embeddable":true,"href":"https:\/\/stmtires.com\/es\/wp-json\/wp\/v2\/product_brand?post=200034"},{"taxonomy":"product_cat","embeddable":true,"href":"https:\/\/stmtires.com\/es\/wp-json\/wp\/v2\/product_cat?post=200034"},{"taxonomy":"product_tag","embeddable":true,"href":"https:\/\/stmtires.com\/es\/wp-json\/wp\/v2\/product_tag?post=200034"}],"curies":[{"name":"wp","href":"https:\/\/api.w.org\/{rel}","templated":true}]}}