{"id":200497,"date":"2022-05-12T12:59:56","date_gmt":"2022-05-12T17:59:56","guid":{"rendered":"https:\/\/website.dev.stmtires.com\/shop\/sin categor\u00eda\/recauchutado-premolde-265-70r17-219mm-xze\/"},"modified":"2022-05-12T12:59:56","modified_gmt":"2022-05-12T17:59:56","slug":"265-70r17-219mm-xze-pre-molde-recauchutado","status":"publish","type":"product","link":"https:\/\/stmtires.com\/es\/shop\/tires\/265-70r17-219mm-xze-pre-molde-recauchutado\/","title":{"rendered":"RECAUCHUTADO PREMOLDE 265\/70R17 219MM XZE"},"content":{"rendered":"<p>Recauchutado de camiones\/autobuses comerciales. Neum\u00e1tico de cami\u00f3n de servicio medio verificado por SmartWay dise\u00f1ado para aplicaciones de transporte regionales y de l\u00ednea que requieren una tracci\u00f3n excepcional y resistencia al desgaste de los neum\u00e1ticos.<\/p>\n","protected":false},"excerpt":{"rendered":"<p>Recauchutado de camiones\/autobuses comerciales. Neum\u00e1tico de cami\u00f3n de servicio medio verificado por SmartWay dise\u00f1ado para aplicaciones de transporte regionales y de l\u00ednea que requieren una tracci\u00f3n excepcional y resistencia al desgaste de los neum\u00e1ticos.<\/p>\n","protected":false},"featured_media":0,"comment_status":"open","ping_status":"closed","template":"","meta":{"_acf_changed":false,"subheading":[]},"product_model":[22809],"product_brand":[],"product_cat":[19253],"product_tag":[],"class_list":{"0":"post-200497","1":"product","2":"type-product","3":"status-publish","5":"product_model-xze-pre-mold-retread-es","6":"product_cat-uncategorized","8":"first","9":"instock","10":"shipping-taxable","11":"purchasable","12":"product-type-simple"},"acf":[],"_links":{"self":[{"href":"https:\/\/stmtires.com\/es\/wp-json\/wp\/v2\/product\/200497","targetHints":{"allow":["GET"]}}],"collection":[{"href":"https:\/\/stmtires.com\/es\/wp-json\/wp\/v2\/product"}],"about":[{"href":"https:\/\/stmtires.com\/es\/wp-json\/wp\/v2\/types\/product"}],"replies":[{"embeddable":true,"href":"https:\/\/stmtires.com\/es\/wp-json\/wp\/v2\/comments?post=200497"}],"wp:attachment":[{"href":"https:\/\/stmtires.com\/es\/wp-json\/wp\/v2\/media?parent=200497"}],"wp:term":[{"taxonomy":"product_model","embeddable":true,"href":"https:\/\/stmtires.com\/es\/wp-json\/wp\/v2\/product_model?post=200497"},{"taxonomy":"product_brand","embeddable":true,"href":"https:\/\/stmtires.com\/es\/wp-json\/wp\/v2\/product_brand?post=200497"},{"taxonomy":"product_cat","embeddable":true,"href":"https:\/\/stmtires.com\/es\/wp-json\/wp\/v2\/product_cat?post=200497"},{"taxonomy":"product_tag","embeddable":true,"href":"https:\/\/stmtires.com\/es\/wp-json\/wp\/v2\/product_tag?post=200497"}],"curies":[{"name":"wp","href":"https:\/\/api.w.org\/{rel}","templated":true}]}}