{"id":200962,"date":"2022-05-12T10:11:26","date_gmt":"2022-05-12T15:11:26","guid":{"rendered":"https:\/\/website.dev.stmtires.com\/shop\/sin categor\u00eda\/215-45r17-firehawk-oval-ancho\/"},"modified":"2022-05-12T10:11:26","modified_gmt":"2022-05-12T15:11:26","slug":"215-45r17-firehawk-wide-oval-2","status":"publish","type":"product","link":"https:\/\/stmtires.com\/es\/shop\/tires\/215-45r17-firehawk-wide-oval-2\/","title":{"rendered":"215\/45R17 FIREHAWK OVAL ANCHO"},"content":{"rendered":"<p>Neum\u00e1tico de autom\u00f3vil de pasajeros de ultra alto rendimiento de verano construido con tecnolog\u00eda Run Flat.<\/p>\n","protected":false},"excerpt":{"rendered":"<p>Neum\u00e1tico de autom\u00f3vil de pasajeros de ultra alto rendimiento de verano construido con tecnolog\u00eda Run Flat.<\/p>\n","protected":false},"featured_media":0,"comment_status":"open","ping_status":"closed","template":"","meta":{"_acf_changed":false,"subheading":[]},"product_model":[25397],"product_brand":[],"product_cat":[],"product_tag":[],"class_list":{"0":"post-200962","1":"product","2":"type-product","3":"status-publish","5":"product_model-firehawk-wide-oval-rft-es","7":"first","8":"instock","9":"shipping-taxable","10":"purchasable","11":"product-type-simple"},"acf":[],"_links":{"self":[{"href":"https:\/\/stmtires.com\/es\/wp-json\/wp\/v2\/product\/200962","targetHints":{"allow":["GET"]}}],"collection":[{"href":"https:\/\/stmtires.com\/es\/wp-json\/wp\/v2\/product"}],"about":[{"href":"https:\/\/stmtires.com\/es\/wp-json\/wp\/v2\/types\/product"}],"replies":[{"embeddable":true,"href":"https:\/\/stmtires.com\/es\/wp-json\/wp\/v2\/comments?post=200962"}],"wp:attachment":[{"href":"https:\/\/stmtires.com\/es\/wp-json\/wp\/v2\/media?parent=200962"}],"wp:term":[{"taxonomy":"product_model","embeddable":true,"href":"https:\/\/stmtires.com\/es\/wp-json\/wp\/v2\/product_model?post=200962"},{"taxonomy":"product_brand","embeddable":true,"href":"https:\/\/stmtires.com\/es\/wp-json\/wp\/v2\/product_brand?post=200962"},{"taxonomy":"product_cat","embeddable":true,"href":"https:\/\/stmtires.com\/es\/wp-json\/wp\/v2\/product_cat?post=200962"},{"taxonomy":"product_tag","embeddable":true,"href":"https:\/\/stmtires.com\/es\/wp-json\/wp\/v2\/product_tag?post=200962"}],"curies":[{"name":"wp","href":"https:\/\/api.w.org\/{rel}","templated":true}]}}