{"id":201097,"date":"2022-05-12T16:05:17","date_gmt":"2022-05-12T21:05:17","guid":{"rendered":"https:\/\/website.dev.stmtires.com\/shop\/sin categor\u00eda\/265-50r19-xl-dueler-h-l-400-oe\/"},"modified":"2023-01-06T09:28:45","modified_gmt":"2023-01-06T15:28:45","slug":"265-50r19-xl-dueler-h-l-400-oe-2","status":"publish","type":"product","link":"https:\/\/stmtires.com\/es\/shop\/bridgestone-es\/265-50r19-xl-dueler-h-l-400-oe-2\/","title":{"rendered":"265\/50R19 XL DUELER H\/L 400 OE"},"content":{"rendered":"<p>Neum\u00e1tico de cami\u00f3n ligero \/ mediano para todas las estaciones. Neum\u00e1tico de equipo original (OE) en veh\u00edculos seleccionados. Tecnolog\u00eda Run Flat disponible en tama\u00f1os seleccionados.<\/p>\n","protected":false},"excerpt":{"rendered":"<p>Neum\u00e1tico de cami\u00f3n ligero \/ mediano para todas las estaciones. Neum\u00e1tico de equipo original (OE) en veh\u00edculos seleccionados. Tecnolog\u00eda Run Flat disponible en tama\u00f1os seleccionados.<\/p>\n","protected":false},"featured_media":0,"comment_status":"open","ping_status":"closed","template":"","meta":{"_acf_changed":false,"subheading":[]},"product_model":[25810],"product_brand":[],"product_cat":[19271,19242,19253],"product_tag":[],"class_list":{"0":"post-201097","1":"product","2":"type-product","3":"status-publish","5":"product_model-dueler-h-l-400-es","6":"product_cat-corre-plano","7":"product_cat-equipo-original-oe","8":"product_cat-uncategorized","9":"pa_tire-size-265-50r19-es","11":"first","12":"instock","13":"shipping-taxable","14":"purchasable","15":"product-type-simple"},"acf":[],"_links":{"self":[{"href":"https:\/\/stmtires.com\/es\/wp-json\/wp\/v2\/product\/201097","targetHints":{"allow":["GET"]}}],"collection":[{"href":"https:\/\/stmtires.com\/es\/wp-json\/wp\/v2\/product"}],"about":[{"href":"https:\/\/stmtires.com\/es\/wp-json\/wp\/v2\/types\/product"}],"replies":[{"embeddable":true,"href":"https:\/\/stmtires.com\/es\/wp-json\/wp\/v2\/comments?post=201097"}],"wp:attachment":[{"href":"https:\/\/stmtires.com\/es\/wp-json\/wp\/v2\/media?parent=201097"}],"wp:term":[{"taxonomy":"product_model","embeddable":true,"href":"https:\/\/stmtires.com\/es\/wp-json\/wp\/v2\/product_model?post=201097"},{"taxonomy":"product_brand","embeddable":true,"href":"https:\/\/stmtires.com\/es\/wp-json\/wp\/v2\/product_brand?post=201097"},{"taxonomy":"product_cat","embeddable":true,"href":"https:\/\/stmtires.com\/es\/wp-json\/wp\/v2\/product_cat?post=201097"},{"taxonomy":"product_tag","embeddable":true,"href":"https:\/\/stmtires.com\/es\/wp-json\/wp\/v2\/product_tag?post=201097"}],"curies":[{"name":"wp","href":"https:\/\/api.w.org\/{rel}","templated":true}]}}