{"id":201908,"date":"2022-05-12T16:06:58","date_gmt":"2022-05-12T21:06:58","guid":{"rendered":"https:\/\/website.dev.stmtires.com\/shop\/sin categor\u00eda\/26-5r25-d2a-1-tl-vkt-l-2\/"},"modified":"2022-05-12T16:06:58","modified_gmt":"2022-05-12T21:06:58","slug":"26-5r25-d2a-1-tl-vkt-l-2-2","status":"publish","type":"product","link":"https:\/\/stmtires.com\/es\/shop\/bridgestone-es\/26-5r25-d2a-1-tl-vkt-l-2-2\/","title":{"rendered":"26.5R25 (D2A) 1 * TL VKT L-2"},"content":{"rendered":"<p>Neum\u00e1tico de tracci\u00f3n radial OTR E-2, G-2 y L-2 con servicio pesado, dise\u00f1o de acero para niveladoras, cargadoras y movimientos de tierras. Mejor en superficies suaves y fangosas.<\/p>\n","protected":false},"excerpt":{"rendered":"<p>Neum\u00e1tico de tracci\u00f3n radial OTR E-2, G-2 y L-2 con servicio pesado, dise\u00f1o de acero para niveladoras, cargadoras y movimientos de tierras. Mejor en superficies suaves y fangosas.<\/p>\n","protected":false},"featured_media":0,"comment_status":"open","ping_status":"closed","template":"","meta":{"_acf_changed":false,"subheading":[]},"product_model":[22926],"product_brand":[],"product_cat":[19289,19287,19253],"product_tag":[],"class_list":{"0":"post-201908","1":"product","2":"type-product","3":"status-publish","5":"product_model-vkt-v-steel-k-traction-es","6":"product_cat-radial-es","7":"product_cat-servicio-de-autopistas","8":"product_cat-uncategorized","9":"pa_tire-size-265r25","11":"first","12":"instock","13":"shipping-taxable","14":"purchasable","15":"product-type-simple"},"acf":[],"_links":{"self":[{"href":"https:\/\/stmtires.com\/es\/wp-json\/wp\/v2\/product\/201908","targetHints":{"allow":["GET"]}}],"collection":[{"href":"https:\/\/stmtires.com\/es\/wp-json\/wp\/v2\/product"}],"about":[{"href":"https:\/\/stmtires.com\/es\/wp-json\/wp\/v2\/types\/product"}],"replies":[{"embeddable":true,"href":"https:\/\/stmtires.com\/es\/wp-json\/wp\/v2\/comments?post=201908"}],"wp:attachment":[{"href":"https:\/\/stmtires.com\/es\/wp-json\/wp\/v2\/media?parent=201908"}],"wp:term":[{"taxonomy":"product_model","embeddable":true,"href":"https:\/\/stmtires.com\/es\/wp-json\/wp\/v2\/product_model?post=201908"},{"taxonomy":"product_brand","embeddable":true,"href":"https:\/\/stmtires.com\/es\/wp-json\/wp\/v2\/product_brand?post=201908"},{"taxonomy":"product_cat","embeddable":true,"href":"https:\/\/stmtires.com\/es\/wp-json\/wp\/v2\/product_cat?post=201908"},{"taxonomy":"product_tag","embeddable":true,"href":"https:\/\/stmtires.com\/es\/wp-json\/wp\/v2\/product_tag?post=201908"}],"curies":[{"name":"wp","href":"https:\/\/api.w.org\/{rel}","templated":true}]}}