{"id":202030,"date":"2022-05-12T10:21:26","date_gmt":"2022-05-12T15:21:26","guid":{"rendered":"https:\/\/website.dev.stmtires.com\/shop\/sin categor\u00eda\/255-80r225-g-xde-m-s\/"},"modified":"2022-05-12T10:21:26","modified_gmt":"2022-05-12T15:21:26","slug":"255-80r22-5-g-xde-m-s-2","status":"publish","type":"product","link":"https:\/\/stmtires.com\/es\/shop\/michelin-es\/255-80r22-5-g-xde-m-s-2\/","title":{"rendered":"255\/80R22,5 G XDE M\/S"},"content":{"rendered":"<p>Cami\u00f3n\/Autob\u00fas Comercial. Neum\u00e1tico de eje de transmisi\u00f3n de hombro abierto para camiones de servicio mediano dise\u00f1ado para un excelente kilometraje y tracci\u00f3n en una amplia gama de aplicaciones regionales.<\/p>\n","protected":false},"excerpt":{"rendered":"<p>Cami\u00f3n\/Autob\u00fas Comercial. Neum\u00e1tico de eje de transmisi\u00f3n de hombro abierto para camiones de servicio mediano dise\u00f1ado para un excelente kilometraje y tracci\u00f3n en una amplia gama de aplicaciones regionales.<\/p>\n","protected":false},"featured_media":0,"comment_status":"open","ping_status":"closed","template":"","meta":{"_acf_changed":false,"subheading":[]},"product_model":[22365],"product_brand":[15734],"product_cat":[19288],"product_tag":[],"class_list":{"0":"post-202030","1":"product","2":"type-product","3":"status-publish","5":"product_model-xde-m-s-es-2","6":"product_brand-michelin-es","7":"product_cat-conducir","8":"pa_tire-size-255-80r22-5-es","10":"first","11":"instock","12":"shipping-taxable","13":"purchasable","14":"product-type-simple"},"acf":[],"_links":{"self":[{"href":"https:\/\/stmtires.com\/es\/wp-json\/wp\/v2\/product\/202030","targetHints":{"allow":["GET"]}}],"collection":[{"href":"https:\/\/stmtires.com\/es\/wp-json\/wp\/v2\/product"}],"about":[{"href":"https:\/\/stmtires.com\/es\/wp-json\/wp\/v2\/types\/product"}],"replies":[{"embeddable":true,"href":"https:\/\/stmtires.com\/es\/wp-json\/wp\/v2\/comments?post=202030"}],"wp:attachment":[{"href":"https:\/\/stmtires.com\/es\/wp-json\/wp\/v2\/media?parent=202030"}],"wp:term":[{"taxonomy":"product_model","embeddable":true,"href":"https:\/\/stmtires.com\/es\/wp-json\/wp\/v2\/product_model?post=202030"},{"taxonomy":"product_brand","embeddable":true,"href":"https:\/\/stmtires.com\/es\/wp-json\/wp\/v2\/product_brand?post=202030"},{"taxonomy":"product_cat","embeddable":true,"href":"https:\/\/stmtires.com\/es\/wp-json\/wp\/v2\/product_cat?post=202030"},{"taxonomy":"product_tag","embeddable":true,"href":"https:\/\/stmtires.com\/es\/wp-json\/wp\/v2\/product_tag?post=202030"}],"curies":[{"name":"wp","href":"https:\/\/api.w.org\/{rel}","templated":true}]}}