{"id":202097,"date":"2022-05-12T16:10:30","date_gmt":"2022-05-12T21:10:30","guid":{"rendered":"https:\/\/website.dev.stmtires.com\/shop\/sin categor\u00eda\/26-5-25-d2a-32pr-tl-stms-smooth-tread-ms\/"},"modified":"2022-05-12T16:10:30","modified_gmt":"2022-05-12T21:10:30","slug":"26-5-25-d2a-32pr-tl-stms-smooth-tread-ms-2","status":"publish","type":"product","link":"https:\/\/stmtires.com\/es\/shop\/bridgestone-es\/26-5-25-d2a-32pr-tl-stms-smooth-tread-ms-2\/","title":{"rendered":"26.5-25 (D2A) 32PR TL STMS (SMOOTH TREAD-MS)"},"content":{"rendered":"<p>Bias OTR Loader\/Dozer y Industrial L-5S Smooth Extra Deep Tread Tire para m\u00e1xima resistencia al corte en servicio severo de cantera, miner\u00eda de superficie y aplicaciones subterr\u00e1neas.<\/p>\n","protected":false},"excerpt":{"rendered":"<p>Bias OTR Loader\/Dozer y Industrial L-5S Smooth Extra Deep Tread Tire para m\u00e1xima resistencia al corte en servicio severo de cantera, miner\u00eda de superficie y aplicaciones subterr\u00e1neas.<\/p>\n","protected":false},"featured_media":0,"comment_status":"open","ping_status":"closed","template":"","meta":{"_acf_changed":false,"subheading":[]},"product_model":[22935],"product_brand":[],"product_cat":[19304,19295,19313,19355,19298,19253],"product_tag":[],"class_list":{"0":"post-202097","1":"product","2":"type-product","3":"status-publish","5":"product_model-stms-smooth-tread-ms-es","6":"product_cat-banda-de-rodadura-profunda","7":"product_cat-industrial-es","8":"product_cat-mineria","9":"product_cat-predisposicion","10":"product_cat-suave","11":"product_cat-uncategorized","12":"pa_tire-size-265r25","14":"first","15":"instock","16":"shipping-taxable","17":"purchasable","18":"product-type-simple"},"acf":[],"_links":{"self":[{"href":"https:\/\/stmtires.com\/es\/wp-json\/wp\/v2\/product\/202097","targetHints":{"allow":["GET"]}}],"collection":[{"href":"https:\/\/stmtires.com\/es\/wp-json\/wp\/v2\/product"}],"about":[{"href":"https:\/\/stmtires.com\/es\/wp-json\/wp\/v2\/types\/product"}],"replies":[{"embeddable":true,"href":"https:\/\/stmtires.com\/es\/wp-json\/wp\/v2\/comments?post=202097"}],"wp:attachment":[{"href":"https:\/\/stmtires.com\/es\/wp-json\/wp\/v2\/media?parent=202097"}],"wp:term":[{"taxonomy":"product_model","embeddable":true,"href":"https:\/\/stmtires.com\/es\/wp-json\/wp\/v2\/product_model?post=202097"},{"taxonomy":"product_brand","embeddable":true,"href":"https:\/\/stmtires.com\/es\/wp-json\/wp\/v2\/product_brand?post=202097"},{"taxonomy":"product_cat","embeddable":true,"href":"https:\/\/stmtires.com\/es\/wp-json\/wp\/v2\/product_cat?post=202097"},{"taxonomy":"product_tag","embeddable":true,"href":"https:\/\/stmtires.com\/es\/wp-json\/wp\/v2\/product_tag?post=202097"}],"curies":[{"name":"wp","href":"https:\/\/api.w.org\/{rel}","templated":true}]}}