{"id":202143,"date":"2022-05-12T10:39:38","date_gmt":"2022-05-12T15:39:38","guid":{"rendered":"https:\/\/website.dev.stmtires.com\/shop\/sin categor\u00eda\/255-80r22-5-g-xrv\/"},"modified":"2022-05-12T10:39:38","modified_gmt":"2022-05-12T15:39:38","slug":"255-80r22-5-g-xrv-2","status":"publish","type":"product","link":"https:\/\/stmtires.com\/es\/shop\/michelin-es\/255-80r22-5-g-xrv-2\/","title":{"rendered":"255\/80R22.5 G XRV"},"content":{"rendered":"<p>Cami\u00f3n\/Autob\u00fas Comercial. Neum\u00e1tico radial de cami\u00f3n de servicio medio en todas las posiciones para aplicaciones de autocares. Dise\u00f1ado espec\u00edficamente para un rendimiento excepcional en veh\u00edculos recreativos y autocaravanas.<\/p>\n","protected":false},"excerpt":{"rendered":"<p>Cami\u00f3n\/Autob\u00fas Comercial. Neum\u00e1tico radial de cami\u00f3n de servicio medio en todas las posiciones para aplicaciones de autocares. Dise\u00f1ado espec\u00edficamente para un rendimiento excepcional en veh\u00edculos recreativos y autocaravanas.<\/p>\n","protected":false},"featured_media":0,"comment_status":"open","ping_status":"closed","template":"","meta":{"_acf_changed":false,"subheading":[]},"product_model":[25261],"product_brand":[15734],"product_cat":[19321,19253],"product_tag":[],"class_list":{"0":"post-202143","1":"product","2":"type-product","3":"status-publish","5":"product_model-xrv-es","6":"product_brand-michelin-es","7":"product_cat-conducir-es","8":"product_cat-uncategorized","9":"pa_tire-size-255-80r22-5-es","11":"first","12":"instock","13":"shipping-taxable","14":"purchasable","15":"product-type-simple"},"acf":[],"_links":{"self":[{"href":"https:\/\/stmtires.com\/es\/wp-json\/wp\/v2\/product\/202143","targetHints":{"allow":["GET"]}}],"collection":[{"href":"https:\/\/stmtires.com\/es\/wp-json\/wp\/v2\/product"}],"about":[{"href":"https:\/\/stmtires.com\/es\/wp-json\/wp\/v2\/types\/product"}],"replies":[{"embeddable":true,"href":"https:\/\/stmtires.com\/es\/wp-json\/wp\/v2\/comments?post=202143"}],"wp:attachment":[{"href":"https:\/\/stmtires.com\/es\/wp-json\/wp\/v2\/media?parent=202143"}],"wp:term":[{"taxonomy":"product_model","embeddable":true,"href":"https:\/\/stmtires.com\/es\/wp-json\/wp\/v2\/product_model?post=202143"},{"taxonomy":"product_brand","embeddable":true,"href":"https:\/\/stmtires.com\/es\/wp-json\/wp\/v2\/product_brand?post=202143"},{"taxonomy":"product_cat","embeddable":true,"href":"https:\/\/stmtires.com\/es\/wp-json\/wp\/v2\/product_cat?post=202143"},{"taxonomy":"product_tag","embeddable":true,"href":"https:\/\/stmtires.com\/es\/wp-json\/wp\/v2\/product_tag?post=202143"}],"curies":[{"name":"wp","href":"https:\/\/api.w.org\/{rel}","templated":true}]}}