{"id":202283,"date":"2022-05-12T15:52:03","date_gmt":"2022-05-12T20:52:03","guid":{"rendered":"https:\/\/website.dev.stmtires.com\/shop\/sin categor\u00eda\/255-70r22-5-h-r194f\/"},"modified":"2022-05-12T15:52:03","modified_gmt":"2022-05-12T20:52:03","slug":"255-70r22-5-h-r194f-2","status":"publish","type":"product","link":"https:\/\/stmtires.com\/es\/shop\/bridgestone-es\/255-70r22-5-h-r194f-2\/","title":{"rendered":"255\/70R22.5 H R194F"},"content":{"rendered":"<p>Cami\u00f3n\/Autob\u00fas Comercial. Neum\u00e1tico radial de cami\u00f3n de servicio mediano recomendado para remolques, ejes de etiquetas, dollies de convertidor y algunas aplicaciones de novillos en larga distancia y transporte regional.<\/p>\n","protected":false},"excerpt":{"rendered":"<p>Cami\u00f3n\/Autob\u00fas Comercial. Neum\u00e1tico radial de cami\u00f3n de servicio mediano recomendado para remolques, ejes de etiquetas, dollies de convertidor y algunas aplicaciones de novillos en larga distancia y transporte regional.<\/p>\n","protected":false},"featured_media":221544,"comment_status":"open","ping_status":"closed","template":"","meta":{"_acf_changed":false,"subheading":[]},"product_model":[25874],"product_brand":[],"product_cat":[19286,19321,19289,19332,19253],"product_tag":[],"class_list":{"0":"post-202283","1":"product","2":"type-product","3":"status-publish","4":"has-post-thumbnail","6":"product_model-r194f-es","7":"product_cat-camion-autobus-comercial","8":"product_cat-conducir-es","9":"product_cat-radial-es","10":"product_cat-servicio-regional","11":"product_cat-uncategorized","12":"pa_tire-size-255-70r22-5-es","14":"first","15":"instock","16":"shipping-taxable","17":"purchasable","18":"product-type-simple"},"acf":[],"_links":{"self":[{"href":"https:\/\/stmtires.com\/es\/wp-json\/wp\/v2\/product\/202283","targetHints":{"allow":["GET"]}}],"collection":[{"href":"https:\/\/stmtires.com\/es\/wp-json\/wp\/v2\/product"}],"about":[{"href":"https:\/\/stmtires.com\/es\/wp-json\/wp\/v2\/types\/product"}],"replies":[{"embeddable":true,"href":"https:\/\/stmtires.com\/es\/wp-json\/wp\/v2\/comments?post=202283"}],"wp:featuredmedia":[{"embeddable":true,"href":"https:\/\/stmtires.com\/es\/wp-json\/wp\/v2\/media\/221544"}],"wp:attachment":[{"href":"https:\/\/stmtires.com\/es\/wp-json\/wp\/v2\/media?parent=202283"}],"wp:term":[{"taxonomy":"product_model","embeddable":true,"href":"https:\/\/stmtires.com\/es\/wp-json\/wp\/v2\/product_model?post=202283"},{"taxonomy":"product_brand","embeddable":true,"href":"https:\/\/stmtires.com\/es\/wp-json\/wp\/v2\/product_brand?post=202283"},{"taxonomy":"product_cat","embeddable":true,"href":"https:\/\/stmtires.com\/es\/wp-json\/wp\/v2\/product_cat?post=202283"},{"taxonomy":"product_tag","embeddable":true,"href":"https:\/\/stmtires.com\/es\/wp-json\/wp\/v2\/product_tag?post=202283"}],"curies":[{"name":"wp","href":"https:\/\/api.w.org\/{rel}","templated":true}]}}