{"id":202342,"date":"2022-05-12T15:52:46","date_gmt":"2022-05-12T20:52:46","guid":{"rendered":"https:\/\/website.dev.stmtires.com\/shop\/sin categor\u00eda\/255-70r22-5-h-r250-ed\/"},"modified":"2022-05-12T15:52:46","modified_gmt":"2022-05-12T20:52:46","slug":"255-70r22-5-h-r250-ed-2","status":"publish","type":"product","link":"https:\/\/stmtires.com\/es\/shop\/bridgestone-es\/255-70r22-5-h-r250-ed-2\/","title":{"rendered":"255\/70R22.5 H R250 ED"},"content":{"rendered":"<p>Cami\u00f3n\/Autob\u00fas Comercial. Neum\u00e1tico radial de posici\u00f3n completa para cami\u00f3n de servicio mediano con compuesto extra-duty (ED). Espec\u00edficamente recomendado para aplicaciones de direcci\u00f3n en servicio de recogida y entrega de alta frega \/ servicio de transporte regional \/ servicio mixto y moderado dentro \/ fuera de la carretera.<\/p>\n","protected":false},"excerpt":{"rendered":"<p>Cami\u00f3n\/Autob\u00fas Comercial. Neum\u00e1tico radial de posici\u00f3n completa para cami\u00f3n de servicio mediano con compuesto extra-duty (ED). Espec\u00edficamente recomendado para aplicaciones de direcci\u00f3n en servicio de recogida y entrega de alta frega \/ servicio de transporte regional \/ servicio mixto y moderado dentro \/ fuera de la carretera.<\/p>\n","protected":false},"featured_media":0,"comment_status":"open","ping_status":"closed","template":"","meta":{"_acf_changed":false,"subheading":[]},"product_model":[25865],"product_brand":[],"product_cat":[19286,19321,19289,19287,19301,19332,19316,19253],"product_tag":[],"class_list":{"0":"post-202342","1":"product","2":"type-product","3":"status-publish","5":"product_model-r250-ed-es","6":"product_cat-camion-autobus-comercial","7":"product_cat-conducir-es","8":"product_cat-radial-es","9":"product_cat-servicio-de-autopistas","10":"product_cat-servicio-on-off-highway","11":"product_cat-servicio-regional","12":"product_cat-todas-las-posiciones","13":"product_cat-uncategorized","14":"pa_tire-size-255-70r22-5-es","16":"first","17":"instock","18":"shipping-taxable","19":"purchasable","20":"product-type-simple"},"acf":[],"_links":{"self":[{"href":"https:\/\/stmtires.com\/es\/wp-json\/wp\/v2\/product\/202342","targetHints":{"allow":["GET"]}}],"collection":[{"href":"https:\/\/stmtires.com\/es\/wp-json\/wp\/v2\/product"}],"about":[{"href":"https:\/\/stmtires.com\/es\/wp-json\/wp\/v2\/types\/product"}],"replies":[{"embeddable":true,"href":"https:\/\/stmtires.com\/es\/wp-json\/wp\/v2\/comments?post=202342"}],"wp:attachment":[{"href":"https:\/\/stmtires.com\/es\/wp-json\/wp\/v2\/media?parent=202342"}],"wp:term":[{"taxonomy":"product_model","embeddable":true,"href":"https:\/\/stmtires.com\/es\/wp-json\/wp\/v2\/product_model?post=202342"},{"taxonomy":"product_brand","embeddable":true,"href":"https:\/\/stmtires.com\/es\/wp-json\/wp\/v2\/product_brand?post=202342"},{"taxonomy":"product_cat","embeddable":true,"href":"https:\/\/stmtires.com\/es\/wp-json\/wp\/v2\/product_cat?post=202342"},{"taxonomy":"product_tag","embeddable":true,"href":"https:\/\/stmtires.com\/es\/wp-json\/wp\/v2\/product_tag?post=202342"}],"curies":[{"name":"wp","href":"https:\/\/api.w.org\/{rel}","templated":true}]}}