{"id":202376,"date":"2022-05-12T18:17:59","date_gmt":"2022-05-12T23:17:59","guid":{"rendered":"https:\/\/website.dev.stmtires.com\/shop\/sin categor\u00eda\/255-70r22-5-h-doble-moneda-rt500-compuesto-de-corte-chip\/"},"modified":"2022-05-12T18:17:59","modified_gmt":"2022-05-12T23:17:59","slug":"255-70r22-5-h-double-coin-rt500-cut-chip-compound-2","status":"publish","type":"product","link":"https:\/\/stmtires.com\/es\/shop\/double-coin\/255-70r22-5-h-double-coin-rt500-cut-chip-compound-2\/","title":{"rendered":"255\/70R22.5 H DOBLE MONEDA RT500 (COMPUESTO DE CORTE\/CHIP)"},"content":{"rendered":"<p>Cami\u00f3n\/Autob\u00fas Comercial. Cami\u00f3n de servicio mediano Neum\u00e1tico multiuso de perfil bajo de toda posici\u00f3n para diversas aplicaciones.<\/p>\n","protected":false},"excerpt":{"rendered":"<p>Cami\u00f3n\/Autob\u00fas Comercial. Cami\u00f3n de servicio mediano Neum\u00e1tico multiuso de perfil bajo de toda posici\u00f3n para diversas aplicaciones.<\/p>\n","protected":false},"featured_media":0,"comment_status":"open","ping_status":"closed","template":"","meta":{"_acf_changed":false,"subheading":[]},"product_model":[22862],"product_brand":[103],"product_cat":[19286,26140,19316,19253],"product_tag":[],"class_list":{"0":"post-202376","1":"product","2":"type-product","3":"status-publish","5":"product_model-double-coin-rt500-es-2","6":"product_brand-double-coin","7":"product_cat-camion-autobus-comercial","8":"product_cat-perfil-bajo","9":"product_cat-todas-las-posiciones","10":"product_cat-uncategorized","11":"pa_tire-size-255-70r22-5-es","13":"first","14":"instock","15":"shipping-taxable","16":"purchasable","17":"product-type-simple"},"acf":[],"_links":{"self":[{"href":"https:\/\/stmtires.com\/es\/wp-json\/wp\/v2\/product\/202376","targetHints":{"allow":["GET"]}}],"collection":[{"href":"https:\/\/stmtires.com\/es\/wp-json\/wp\/v2\/product"}],"about":[{"href":"https:\/\/stmtires.com\/es\/wp-json\/wp\/v2\/types\/product"}],"replies":[{"embeddable":true,"href":"https:\/\/stmtires.com\/es\/wp-json\/wp\/v2\/comments?post=202376"}],"wp:attachment":[{"href":"https:\/\/stmtires.com\/es\/wp-json\/wp\/v2\/media?parent=202376"}],"wp:term":[{"taxonomy":"product_model","embeddable":true,"href":"https:\/\/stmtires.com\/es\/wp-json\/wp\/v2\/product_model?post=202376"},{"taxonomy":"product_brand","embeddable":true,"href":"https:\/\/stmtires.com\/es\/wp-json\/wp\/v2\/product_brand?post=202376"},{"taxonomy":"product_cat","embeddable":true,"href":"https:\/\/stmtires.com\/es\/wp-json\/wp\/v2\/product_cat?post=202376"},{"taxonomy":"product_tag","embeddable":true,"href":"https:\/\/stmtires.com\/es\/wp-json\/wp\/v2\/product_tag?post=202376"}],"curies":[{"name":"wp","href":"https:\/\/api.w.org\/{rel}","templated":true}]}}