{"id":202475,"date":"2022-05-12T16:04:04","date_gmt":"2022-05-12T21:04:04","guid":{"rendered":"https:\/\/website.dev.stmtires.com\/shop\/sin categor\u00eda\/255-70r22-5-h-r195f\/"},"modified":"2022-05-12T16:04:04","modified_gmt":"2022-05-12T21:04:04","slug":"255-70r22-5-h-r195f-2","status":"publish","type":"product","link":"https:\/\/stmtires.com\/es\/shop\/bridgestone-es\/255-70r22-5-h-r195f-2\/","title":{"rendered":"255\/70R22.5 H R195F"},"content":{"rendered":"<p>Cami\u00f3n\/Autob\u00fas Comercial. Neum\u00e1tico radial de todas las posiciones de cami\u00f3n de servicio mediano adecuado para uso en todas las posiciones, pero recomendado para aplicaciones de remolque y dolly de eje \u00fanico y t\u00e1ndem en servicio de larga distancia y servicio de transporte regional.<\/p>\n","protected":false},"excerpt":{"rendered":"<p>Cami\u00f3n\/Autob\u00fas Comercial. Neum\u00e1tico radial de todas las posiciones de cami\u00f3n de servicio mediano adecuado para uso en todas las posiciones, pero recomendado para aplicaciones de remolque y dolly de eje \u00fanico y t\u00e1ndem en servicio de larga distancia y servicio de transporte regional.<\/p>\n","protected":false},"featured_media":222618,"comment_status":"open","ping_status":"closed","template":"","meta":{"_acf_changed":false,"subheading":[]},"product_model":[25871],"product_brand":[],"product_cat":[19286,19289,16266,19332,19316,19253],"product_tag":[],"class_list":{"0":"post-202475","1":"product","2":"type-product","3":"status-publish","4":"has-post-thumbnail","6":"product_model-r195f-es","7":"product_cat-camion-autobus-comercial","8":"product_cat-radial-es","9":"product_cat-regional-service","10":"product_cat-servicio-regional","11":"product_cat-todas-las-posiciones","12":"product_cat-uncategorized","13":"pa_tire-size-255-70r22-5-es","15":"first","16":"instock","17":"shipping-taxable","18":"purchasable","19":"product-type-simple"},"acf":[],"_links":{"self":[{"href":"https:\/\/stmtires.com\/es\/wp-json\/wp\/v2\/product\/202475","targetHints":{"allow":["GET"]}}],"collection":[{"href":"https:\/\/stmtires.com\/es\/wp-json\/wp\/v2\/product"}],"about":[{"href":"https:\/\/stmtires.com\/es\/wp-json\/wp\/v2\/types\/product"}],"replies":[{"embeddable":true,"href":"https:\/\/stmtires.com\/es\/wp-json\/wp\/v2\/comments?post=202475"}],"wp:featuredmedia":[{"embeddable":true,"href":"https:\/\/stmtires.com\/es\/wp-json\/wp\/v2\/media\/222618"}],"wp:attachment":[{"href":"https:\/\/stmtires.com\/es\/wp-json\/wp\/v2\/media?parent=202475"}],"wp:term":[{"taxonomy":"product_model","embeddable":true,"href":"https:\/\/stmtires.com\/es\/wp-json\/wp\/v2\/product_model?post=202475"},{"taxonomy":"product_brand","embeddable":true,"href":"https:\/\/stmtires.com\/es\/wp-json\/wp\/v2\/product_brand?post=202475"},{"taxonomy":"product_cat","embeddable":true,"href":"https:\/\/stmtires.com\/es\/wp-json\/wp\/v2\/product_cat?post=202475"},{"taxonomy":"product_tag","embeddable":true,"href":"https:\/\/stmtires.com\/es\/wp-json\/wp\/v2\/product_tag?post=202475"}],"curies":[{"name":"wp","href":"https:\/\/api.w.org\/{rel}","templated":true}]}}