{"id":202841,"date":"2022-05-12T10:12:14","date_gmt":"2022-05-12T15:12:14","guid":{"rendered":"https:\/\/website.dev.stmtires.com\/shop\/sin categor\u00eda\/255-70r15-grabber-hp\/"},"modified":"2022-05-12T10:12:14","modified_gmt":"2022-05-12T15:12:14","slug":"255-70r15-grabber-hp-2","status":"publish","type":"product","link":"https:\/\/stmtires.com\/es\/shop\/tires\/255-70r15-grabber-hp-2\/","title":{"rendered":"255\/70R15 GRABBER HP"},"content":{"rendered":"<p>La definici\u00f3n de versatilidad. Excelente manejo, frenado en mojado y kilometraje son solo algunos de los beneficios de este neum\u00e1tico multifac\u00e9tico.<\/p>\n","protected":false},"excerpt":{"rendered":"<p>La definici\u00f3n de versatilidad. Excelente manejo, frenado en mojado y kilometraje son solo algunos de los beneficios de este neum\u00e1tico multifac\u00e9tico.<\/p>\n","protected":false},"featured_media":0,"comment_status":"open","ping_status":"closed","template":"","meta":{"_acf_changed":false,"subheading":[]},"product_model":[25402],"product_brand":[],"product_cat":[],"product_tag":[],"class_list":{"0":"post-202841","1":"product","2":"type-product","3":"status-publish","5":"product_model-grabber-hp-es","7":"first","8":"instock","9":"shipping-taxable","10":"purchasable","11":"product-type-simple"},"acf":[],"_links":{"self":[{"href":"https:\/\/stmtires.com\/es\/wp-json\/wp\/v2\/product\/202841","targetHints":{"allow":["GET"]}}],"collection":[{"href":"https:\/\/stmtires.com\/es\/wp-json\/wp\/v2\/product"}],"about":[{"href":"https:\/\/stmtires.com\/es\/wp-json\/wp\/v2\/types\/product"}],"replies":[{"embeddable":true,"href":"https:\/\/stmtires.com\/es\/wp-json\/wp\/v2\/comments?post=202841"}],"wp:attachment":[{"href":"https:\/\/stmtires.com\/es\/wp-json\/wp\/v2\/media?parent=202841"}],"wp:term":[{"taxonomy":"product_model","embeddable":true,"href":"https:\/\/stmtires.com\/es\/wp-json\/wp\/v2\/product_model?post=202841"},{"taxonomy":"product_brand","embeddable":true,"href":"https:\/\/stmtires.com\/es\/wp-json\/wp\/v2\/product_brand?post=202841"},{"taxonomy":"product_cat","embeddable":true,"href":"https:\/\/stmtires.com\/es\/wp-json\/wp\/v2\/product_cat?post=202841"},{"taxonomy":"product_tag","embeddable":true,"href":"https:\/\/stmtires.com\/es\/wp-json\/wp\/v2\/product_tag?post=202841"}],"curies":[{"name":"wp","href":"https:\/\/api.w.org\/{rel}","templated":true}]}}