{"id":202982,"date":"2022-05-12T10:13:06","date_gmt":"2022-05-12T15:13:06","guid":{"rendered":"https:\/\/website.dev.stmtires.com\/shop\/sin categor\u00eda\/215-55r16-alpino-artico\/"},"modified":"2022-05-12T10:13:06","modified_gmt":"2022-05-12T15:13:06","slug":"215-55r16-artico-alpino","status":"publish","type":"product","link":"https:\/\/stmtires.com\/es\/shop\/tires\/215-55r16-artico-alpino\/","title":{"rendered":"215\/55R16 ALPINO \u00c1RTICO"},"content":{"rendered":"<p>Neum\u00e1tico de invierno Dise\u00f1ado espec\u00edficamente para ayudar a ofrecer tracci\u00f3n segura de nieve y hielo a su autom\u00f3vil de pasajeros, minivan o SUV.<\/p>\n","protected":false},"excerpt":{"rendered":"<p>Neum\u00e1tico de invierno Dise\u00f1ado espec\u00edficamente para ayudar a ofrecer tracci\u00f3n segura de nieve y hielo a su autom\u00f3vil de pasajeros, minivan o SUV.<\/p>\n","protected":false},"featured_media":106638,"comment_status":"open","ping_status":"closed","template":"","meta":{"_acf_changed":false,"subheading":[]},"product_model":[25378],"product_brand":[],"product_cat":[],"product_tag":[],"class_list":{"0":"post-202982","1":"product","2":"type-product","3":"status-publish","4":"has-post-thumbnail","6":"product_model-arctic-alpin-es","8":"first","9":"instock","10":"shipping-taxable","11":"purchasable","12":"product-type-simple"},"acf":[],"_links":{"self":[{"href":"https:\/\/stmtires.com\/es\/wp-json\/wp\/v2\/product\/202982","targetHints":{"allow":["GET"]}}],"collection":[{"href":"https:\/\/stmtires.com\/es\/wp-json\/wp\/v2\/product"}],"about":[{"href":"https:\/\/stmtires.com\/es\/wp-json\/wp\/v2\/types\/product"}],"replies":[{"embeddable":true,"href":"https:\/\/stmtires.com\/es\/wp-json\/wp\/v2\/comments?post=202982"}],"wp:featuredmedia":[{"embeddable":true,"href":"https:\/\/stmtires.com\/es\/wp-json\/wp\/v2\/media\/106638"}],"wp:attachment":[{"href":"https:\/\/stmtires.com\/es\/wp-json\/wp\/v2\/media?parent=202982"}],"wp:term":[{"taxonomy":"product_model","embeddable":true,"href":"https:\/\/stmtires.com\/es\/wp-json\/wp\/v2\/product_model?post=202982"},{"taxonomy":"product_brand","embeddable":true,"href":"https:\/\/stmtires.com\/es\/wp-json\/wp\/v2\/product_brand?post=202982"},{"taxonomy":"product_cat","embeddable":true,"href":"https:\/\/stmtires.com\/es\/wp-json\/wp\/v2\/product_cat?post=202982"},{"taxonomy":"product_tag","embeddable":true,"href":"https:\/\/stmtires.com\/es\/wp-json\/wp\/v2\/product_tag?post=202982"}],"curies":[{"name":"wp","href":"https:\/\/api.w.org\/{rel}","templated":true}]}}