{"id":203547,"date":"2022-05-12T11:54:05","date_gmt":"2022-05-12T16:54:05","guid":{"rendered":"https:\/\/website.dev.stmtires.com\/shop\/sin categor\u00eda\/255-55r18-xl-latitude-sport-3-run-flat\/"},"modified":"2022-05-12T11:54:05","modified_gmt":"2022-05-12T16:54:05","slug":"255-55r18-xl-latitude-sport-3-run-flat-2","status":"publish","type":"product","link":"https:\/\/stmtires.com\/es\/shop\/michelin-es\/255-55r18-xl-latitude-sport-3-run-flat-2\/","title":{"rendered":"255\/55R18 XL LATITUDE SPORT 3 RUN FLAT (*)"},"content":{"rendered":"<p>Neum\u00e1tico de pasajeros de ultra alto rendimiento de verano y crossover con capacidades de rendimiento deportivo. Tecnolog\u00eda ZP (Zero Pressure) Run Flat disponible en tama\u00f1os seleccionados.<\/p>\n","protected":false},"excerpt":{"rendered":"<p>Neum\u00e1tico de pasajeros de ultra alto rendimiento de verano y crossover con capacidades de rendimiento deportivo. Tecnolog\u00eda ZP (Zero Pressure) Run Flat disponible en tama\u00f1os seleccionados.<\/p>\n","protected":false},"featured_media":0,"comment_status":"open","ping_status":"closed","template":"","meta":{"_acf_changed":false,"subheading":[]},"product_model":[25656],"product_brand":[15734],"product_cat":[25986,19253],"product_tag":[],"class_list":{"0":"post-203547","1":"product","2":"type-product","3":"status-publish","5":"product_model-latitude-sport-3-es","6":"product_brand-michelin-es","7":"product_cat-luz-de-pasajero","8":"product_cat-uncategorized","9":"pa_tire-size-255-55r18-es","11":"first","12":"instock","13":"shipping-taxable","14":"purchasable","15":"product-type-simple"},"acf":[],"_links":{"self":[{"href":"https:\/\/stmtires.com\/es\/wp-json\/wp\/v2\/product\/203547","targetHints":{"allow":["GET"]}}],"collection":[{"href":"https:\/\/stmtires.com\/es\/wp-json\/wp\/v2\/product"}],"about":[{"href":"https:\/\/stmtires.com\/es\/wp-json\/wp\/v2\/types\/product"}],"replies":[{"embeddable":true,"href":"https:\/\/stmtires.com\/es\/wp-json\/wp\/v2\/comments?post=203547"}],"wp:attachment":[{"href":"https:\/\/stmtires.com\/es\/wp-json\/wp\/v2\/media?parent=203547"}],"wp:term":[{"taxonomy":"product_model","embeddable":true,"href":"https:\/\/stmtires.com\/es\/wp-json\/wp\/v2\/product_model?post=203547"},{"taxonomy":"product_brand","embeddable":true,"href":"https:\/\/stmtires.com\/es\/wp-json\/wp\/v2\/product_brand?post=203547"},{"taxonomy":"product_cat","embeddable":true,"href":"https:\/\/stmtires.com\/es\/wp-json\/wp\/v2\/product_cat?post=203547"},{"taxonomy":"product_tag","embeddable":true,"href":"https:\/\/stmtires.com\/es\/wp-json\/wp\/v2\/product_tag?post=203547"}],"curies":[{"name":"wp","href":"https:\/\/api.w.org\/{rel}","templated":true}]}}