{"id":203574,"date":"2022-05-12T10:14:27","date_gmt":"2022-05-12T15:14:27","guid":{"rendered":"https:\/\/website.dev.stmtires.com\/shop\/sin categor\u00eda\/215-55r17-piloto-alpin-pa2\/"},"modified":"2022-05-12T10:14:27","modified_gmt":"2022-05-12T15:14:27","slug":"215-55r17-piloto-alpino-pa2","status":"publish","type":"product","link":"https:\/\/stmtires.com\/es\/shop\/tires\/215-55r17-piloto-alpino-pa2\/","title":{"rendered":"215\/55R17 PILOTO ALPIN PA2"},"content":{"rendered":"<p>Neum\u00e1tico de invierno para turismos de alto rendimiento. Dise\u00f1ado para equipos originales como el Audi A4. Tecnolog\u00eda ZP (Zero Pressure) Run Flat disponible en tama\u00f1os seleccionados.<\/p>\n","protected":false},"excerpt":{"rendered":"<p>Neum\u00e1tico de invierno para turismos de alto rendimiento. Dise\u00f1ado para equipos originales como el Audi A4. Tecnolog\u00eda ZP (Zero Pressure) Run Flat disponible en tama\u00f1os seleccionados.<\/p>\n","protected":false},"featured_media":106565,"comment_status":"open","ping_status":"closed","template":"","meta":{"_acf_changed":false,"subheading":[]},"product_model":[25346],"product_brand":[],"product_cat":[],"product_tag":[],"class_list":{"0":"post-203574","1":"product","2":"type-product","3":"status-publish","4":"has-post-thumbnail","6":"product_model-pilot-alpin-pa2-es","8":"first","9":"instock","10":"shipping-taxable","11":"purchasable","12":"product-type-simple"},"acf":[],"_links":{"self":[{"href":"https:\/\/stmtires.com\/es\/wp-json\/wp\/v2\/product\/203574","targetHints":{"allow":["GET"]}}],"collection":[{"href":"https:\/\/stmtires.com\/es\/wp-json\/wp\/v2\/product"}],"about":[{"href":"https:\/\/stmtires.com\/es\/wp-json\/wp\/v2\/types\/product"}],"replies":[{"embeddable":true,"href":"https:\/\/stmtires.com\/es\/wp-json\/wp\/v2\/comments?post=203574"}],"wp:featuredmedia":[{"embeddable":true,"href":"https:\/\/stmtires.com\/es\/wp-json\/wp\/v2\/media\/106565"}],"wp:attachment":[{"href":"https:\/\/stmtires.com\/es\/wp-json\/wp\/v2\/media?parent=203574"}],"wp:term":[{"taxonomy":"product_model","embeddable":true,"href":"https:\/\/stmtires.com\/es\/wp-json\/wp\/v2\/product_model?post=203574"},{"taxonomy":"product_brand","embeddable":true,"href":"https:\/\/stmtires.com\/es\/wp-json\/wp\/v2\/product_brand?post=203574"},{"taxonomy":"product_cat","embeddable":true,"href":"https:\/\/stmtires.com\/es\/wp-json\/wp\/v2\/product_cat?post=203574"},{"taxonomy":"product_tag","embeddable":true,"href":"https:\/\/stmtires.com\/es\/wp-json\/wp\/v2\/product_tag?post=203574"}],"curies":[{"name":"wp","href":"https:\/\/api.w.org\/{rel}","templated":true}]}}