{"id":203967,"date":"2022-05-12T15:04:42","date_gmt":"2022-05-12T20:04:42","guid":{"rendered":"https:\/\/website.dev.stmtires.com\/shop\/sin categor\u00eda\/255-50r19-xl-blizzak-lm-25-4x4-run-plano\/"},"modified":"2022-05-12T15:04:42","modified_gmt":"2022-05-12T20:04:42","slug":"255-50r19-xl-blizzak-lm-25-4x4-run-flat-2","status":"publish","type":"product","link":"https:\/\/stmtires.com\/es\/shop\/bridgestone-es\/255-50r19-xl-blizzak-lm-25-4x4-run-flat-2\/","title":{"rendered":"255\/50R19 XL BLIZZAK LM-25 4X4 RUN PLANO"},"content":{"rendered":"<p>Neum\u00e1tico de cami\u00f3n ligero \/ SUV para autom\u00f3viles de pasajeros de invierno. Tecnolog\u00eda Run Flat disponible en tama\u00f1os seleccionados.<\/p>\n","protected":false},"excerpt":{"rendered":"<p>Neum\u00e1tico de cami\u00f3n ligero \/ SUV para autom\u00f3viles de pasajeros de invierno. Tecnolog\u00eda Run Flat disponible en tama\u00f1os seleccionados.<\/p>\n","protected":false},"featured_media":0,"comment_status":"open","ping_status":"closed","template":"","meta":{"_acf_changed":false,"subheading":[]},"product_model":[22899],"product_brand":[],"product_cat":[19271,19265,16295],"product_tag":[],"class_list":{"0":"post-203967","1":"product","2":"type-product","3":"status-publish","5":"product_model-blizzak-lm-25-4x4-es","6":"product_cat-corre-plano","7":"product_cat-invierno","8":"product_cat-run-flat","9":"pa_tire-size-255-50r19-es","11":"first","12":"instock","13":"shipping-taxable","14":"purchasable","15":"product-type-simple"},"acf":[],"_links":{"self":[{"href":"https:\/\/stmtires.com\/es\/wp-json\/wp\/v2\/product\/203967","targetHints":{"allow":["GET"]}}],"collection":[{"href":"https:\/\/stmtires.com\/es\/wp-json\/wp\/v2\/product"}],"about":[{"href":"https:\/\/stmtires.com\/es\/wp-json\/wp\/v2\/types\/product"}],"replies":[{"embeddable":true,"href":"https:\/\/stmtires.com\/es\/wp-json\/wp\/v2\/comments?post=203967"}],"wp:attachment":[{"href":"https:\/\/stmtires.com\/es\/wp-json\/wp\/v2\/media?parent=203967"}],"wp:term":[{"taxonomy":"product_model","embeddable":true,"href":"https:\/\/stmtires.com\/es\/wp-json\/wp\/v2\/product_model?post=203967"},{"taxonomy":"product_brand","embeddable":true,"href":"https:\/\/stmtires.com\/es\/wp-json\/wp\/v2\/product_brand?post=203967"},{"taxonomy":"product_cat","embeddable":true,"href":"https:\/\/stmtires.com\/es\/wp-json\/wp\/v2\/product_cat?post=203967"},{"taxonomy":"product_tag","embeddable":true,"href":"https:\/\/stmtires.com\/es\/wp-json\/wp\/v2\/product_tag?post=203967"}],"curies":[{"name":"wp","href":"https:\/\/api.w.org\/{rel}","templated":true}]}}