{"id":204692,"date":"2022-05-12T16:03:17","date_gmt":"2022-05-12T21:03:17","guid":{"rendered":"https:\/\/website.dev.stmtires.com\/shop\/sin categor\u00eda\/255-40zr17-potenza-re-71r-runflat\/"},"modified":"2022-05-12T16:03:17","modified_gmt":"2022-05-12T21:03:17","slug":"255-40zr17-potenza-re-71r-runflat-2","status":"publish","type":"product","link":"https:\/\/stmtires.com\/es\/shop\/bridgestone-es\/255-40zr17-potenza-re-71r-runflat-2\/","title":{"rendered":"255\/40ZR17 POTENZA RE-71R RUNFLAT"},"content":{"rendered":"<p>Neum\u00e1tico de autom\u00f3vil de pasajeros Summer Performance Dise\u00f1ado para las condiciones extremas de la pista y tambi\u00e9n para el rendimiento en la carretera. Tecnolog\u00eda Run Flat disponible en tama\u00f1os seleccionados.<\/p>\n","protected":false},"excerpt":{"rendered":"<p>Neum\u00e1tico de autom\u00f3vil de pasajeros Summer Performance Dise\u00f1ado para las condiciones extremas de la pista y tambi\u00e9n para el rendimiento en la carretera. Tecnolog\u00eda Run Flat disponible en tama\u00f1os seleccionados.<\/p>\n","protected":false},"featured_media":0,"comment_status":"open","ping_status":"closed","template":"","meta":{"_acf_changed":false,"subheading":[]},"product_model":[25927],"product_brand":[],"product_cat":[19271,19253],"product_tag":[],"class_list":{"0":"post-204692","1":"product","2":"type-product","3":"status-publish","5":"product_model-potenza-re-71r-es","6":"product_cat-corre-plano","7":"product_cat-uncategorized","8":"pa_tire-size-255-40r17-es","10":"first","11":"instock","12":"shipping-taxable","13":"purchasable","14":"product-type-simple"},"acf":[],"_links":{"self":[{"href":"https:\/\/stmtires.com\/es\/wp-json\/wp\/v2\/product\/204692","targetHints":{"allow":["GET"]}}],"collection":[{"href":"https:\/\/stmtires.com\/es\/wp-json\/wp\/v2\/product"}],"about":[{"href":"https:\/\/stmtires.com\/es\/wp-json\/wp\/v2\/types\/product"}],"replies":[{"embeddable":true,"href":"https:\/\/stmtires.com\/es\/wp-json\/wp\/v2\/comments?post=204692"}],"wp:attachment":[{"href":"https:\/\/stmtires.com\/es\/wp-json\/wp\/v2\/media?parent=204692"}],"wp:term":[{"taxonomy":"product_model","embeddable":true,"href":"https:\/\/stmtires.com\/es\/wp-json\/wp\/v2\/product_model?post=204692"},{"taxonomy":"product_brand","embeddable":true,"href":"https:\/\/stmtires.com\/es\/wp-json\/wp\/v2\/product_brand?post=204692"},{"taxonomy":"product_cat","embeddable":true,"href":"https:\/\/stmtires.com\/es\/wp-json\/wp\/v2\/product_cat?post=204692"},{"taxonomy":"product_tag","embeddable":true,"href":"https:\/\/stmtires.com\/es\/wp-json\/wp\/v2\/product_tag?post=204692"}],"curies":[{"name":"wp","href":"https:\/\/api.w.org\/{rel}","templated":true}]}}