{"id":206092,"date":"2022-05-12T15:36:30","date_gmt":"2022-05-12T20:36:30","guid":{"rendered":"https:\/\/website.dev.stmtires.com\/shop\/sin categor\u00eda\/245-70r19-5-h-m729f\/"},"modified":"2022-05-12T15:36:30","modified_gmt":"2022-05-12T20:36:30","slug":"245-70r19-5-h-m729f-2","status":"publish","type":"product","link":"https:\/\/stmtires.com\/es\/shop\/bridgestone-es\/245-70r19-5-h-m729f-2\/","title":{"rendered":"245\/70R19.5 H M729F"},"content":{"rendered":"<p>Cami\u00f3n\/Autob\u00fas Comercial. Neum\u00e1tico radial de accionamiento de cami\u00f3n de servicio medio recomendado para aplicaciones de alta tracci\u00f3n y alto lavado en servicio de larga distancia \/ servicio de transporte regional \/ servicio de recogida y entrega.<\/p>\n","protected":false},"excerpt":{"rendered":"<p>Cami\u00f3n\/Autob\u00fas Comercial. Neum\u00e1tico radial de accionamiento de cami\u00f3n de servicio medio recomendado para aplicaciones de alta tracci\u00f3n y alto lavado en servicio de larga distancia \/ servicio de transporte regional \/ servicio de recogida y entrega.<\/p>\n","protected":false},"featured_media":0,"comment_status":"open","ping_status":"closed","template":"","meta":{"_acf_changed":false,"subheading":[]},"product_model":[25869],"product_brand":[],"product_cat":[19286,19288,19265,19289,16266,19332,19253],"product_tag":[],"class_list":{"0":"post-206092","1":"product","2":"type-product","3":"status-publish","5":"product_model-m729f-es","6":"product_cat-camion-autobus-comercial","7":"product_cat-conducir","8":"product_cat-invierno","9":"product_cat-radial-es","10":"product_cat-regional-service","11":"product_cat-servicio-regional","12":"product_cat-uncategorized","13":"pa_tire-size-245-70r19-5-es","15":"first","16":"instock","17":"shipping-taxable","18":"purchasable","19":"product-type-simple"},"acf":[],"_links":{"self":[{"href":"https:\/\/stmtires.com\/es\/wp-json\/wp\/v2\/product\/206092","targetHints":{"allow":["GET"]}}],"collection":[{"href":"https:\/\/stmtires.com\/es\/wp-json\/wp\/v2\/product"}],"about":[{"href":"https:\/\/stmtires.com\/es\/wp-json\/wp\/v2\/types\/product"}],"replies":[{"embeddable":true,"href":"https:\/\/stmtires.com\/es\/wp-json\/wp\/v2\/comments?post=206092"}],"wp:attachment":[{"href":"https:\/\/stmtires.com\/es\/wp-json\/wp\/v2\/media?parent=206092"}],"wp:term":[{"taxonomy":"product_model","embeddable":true,"href":"https:\/\/stmtires.com\/es\/wp-json\/wp\/v2\/product_model?post=206092"},{"taxonomy":"product_brand","embeddable":true,"href":"https:\/\/stmtires.com\/es\/wp-json\/wp\/v2\/product_brand?post=206092"},{"taxonomy":"product_cat","embeddable":true,"href":"https:\/\/stmtires.com\/es\/wp-json\/wp\/v2\/product_cat?post=206092"},{"taxonomy":"product_tag","embeddable":true,"href":"https:\/\/stmtires.com\/es\/wp-json\/wp\/v2\/product_tag?post=206092"}],"curies":[{"name":"wp","href":"https:\/\/api.w.org\/{rel}","templated":true}]}}