{"id":206094,"date":"2022-05-12T10:22:01","date_gmt":"2022-05-12T15:22:01","guid":{"rendered":"https:\/\/website.dev.stmtires.com\/shop\/sin categor\u00eda\/245-70r17-5-j-xta2-energia\/"},"modified":"2022-05-12T10:22:01","modified_gmt":"2022-05-12T15:22:01","slug":"245-70r17-5-j-xta2-energia","status":"publish","type":"product","link":"https:\/\/stmtires.com\/es\/shop\/michelin-es\/245-70r17-5-j-xta2-energia\/","title":{"rendered":"245\/70R17.5 J XTA2 ENERG\u00cdA"},"content":{"rendered":"<p>Cami\u00f3n\/Autob\u00fas Comercial. Neum\u00e1tico de posici\u00f3n de remolque de di\u00e1metro peque\u00f1o para camiones de servicio mediano que ofrece un desgaste de la banda de rodadura largo y uniforme en aplicaciones de transporte de l\u00ednea de alto cubo.<\/p>\n","protected":false},"excerpt":{"rendered":"<p>Cami\u00f3n\/Autob\u00fas Comercial. Neum\u00e1tico de posici\u00f3n de remolque de di\u00e1metro peque\u00f1o para camiones de servicio mediano que ofrece un desgaste de la banda de rodadura largo y uniforme en aplicaciones de transporte de l\u00ednea de alto cubo.<\/p>\n","protected":false},"featured_media":224113,"comment_status":"open","ping_status":"closed","template":"","meta":{"_acf_changed":false,"subheading":[]},"product_model":[25328],"product_brand":[15734],"product_cat":[],"product_tag":[],"class_list":{"0":"post-206094","1":"product","2":"type-product","3":"status-publish","4":"has-post-thumbnail","6":"product_model-xta2-energy-es","7":"product_brand-michelin-es","8":"pa_tire-size-245-70r17-5-es","10":"first","11":"instock","12":"shipping-taxable","13":"purchasable","14":"product-type-simple"},"acf":[],"_links":{"self":[{"href":"https:\/\/stmtires.com\/es\/wp-json\/wp\/v2\/product\/206094","targetHints":{"allow":["GET"]}}],"collection":[{"href":"https:\/\/stmtires.com\/es\/wp-json\/wp\/v2\/product"}],"about":[{"href":"https:\/\/stmtires.com\/es\/wp-json\/wp\/v2\/types\/product"}],"replies":[{"embeddable":true,"href":"https:\/\/stmtires.com\/es\/wp-json\/wp\/v2\/comments?post=206094"}],"wp:featuredmedia":[{"embeddable":true,"href":"https:\/\/stmtires.com\/es\/wp-json\/wp\/v2\/media\/224113"}],"wp:attachment":[{"href":"https:\/\/stmtires.com\/es\/wp-json\/wp\/v2\/media?parent=206094"}],"wp:term":[{"taxonomy":"product_model","embeddable":true,"href":"https:\/\/stmtires.com\/es\/wp-json\/wp\/v2\/product_model?post=206094"},{"taxonomy":"product_brand","embeddable":true,"href":"https:\/\/stmtires.com\/es\/wp-json\/wp\/v2\/product_brand?post=206094"},{"taxonomy":"product_cat","embeddable":true,"href":"https:\/\/stmtires.com\/es\/wp-json\/wp\/v2\/product_cat?post=206094"},{"taxonomy":"product_tag","embeddable":true,"href":"https:\/\/stmtires.com\/es\/wp-json\/wp\/v2\/product_tag?post=206094"}],"curies":[{"name":"wp","href":"https:\/\/api.w.org\/{rel}","templated":true}]}}