{"id":206095,"date":"2022-05-12T15:52:06","date_gmt":"2022-05-12T20:52:06","guid":{"rendered":"https:\/\/website.dev.stmtires.com\/shop\/sin categor\u00eda\/245-70r17-5-j-r184\/"},"modified":"2022-05-12T15:52:06","modified_gmt":"2022-05-12T20:52:06","slug":"245-70r17-5-j-r184-2","status":"publish","type":"product","link":"https:\/\/stmtires.com\/es\/shop\/bridgestone-es\/245-70r17-5-j-r184-2\/","title":{"rendered":"245\/70R17.5 J R184"},"content":{"rendered":"<p>Cami\u00f3n\/Autob\u00fas Comercial. Posici\u00f3n del remolque del cami\u00f3n de servicio mediano Neum\u00e1tico radial de solo uso recomendado para el servicio especial de remolque de alta carga.<\/p>\n","protected":false},"excerpt":{"rendered":"<p>Cami\u00f3n\/Autob\u00fas Comercial. Posici\u00f3n del remolque del cami\u00f3n de servicio mediano Neum\u00e1tico radial de solo uso recomendado para el servicio especial de remolque de alta carga.<\/p>\n","protected":false},"featured_media":222862,"comment_status":"open","ping_status":"closed","template":"","meta":{"_acf_changed":false,"subheading":[]},"product_model":[25828],"product_brand":[],"product_cat":[19286,19336,19289,19253],"product_tag":[],"class_list":{"0":"post-206095","1":"product","2":"type-product","3":"status-publish","4":"has-post-thumbnail","6":"product_model-r184-es","7":"product_cat-camion-autobus-comercial","8":"product_cat-posicion-del-remolque","9":"product_cat-radial-es","10":"product_cat-uncategorized","11":"pa_tire-size-245-70r17-5-es","13":"first","14":"instock","15":"shipping-taxable","16":"purchasable","17":"product-type-simple"},"acf":[],"_links":{"self":[{"href":"https:\/\/stmtires.com\/es\/wp-json\/wp\/v2\/product\/206095","targetHints":{"allow":["GET"]}}],"collection":[{"href":"https:\/\/stmtires.com\/es\/wp-json\/wp\/v2\/product"}],"about":[{"href":"https:\/\/stmtires.com\/es\/wp-json\/wp\/v2\/types\/product"}],"replies":[{"embeddable":true,"href":"https:\/\/stmtires.com\/es\/wp-json\/wp\/v2\/comments?post=206095"}],"wp:featuredmedia":[{"embeddable":true,"href":"https:\/\/stmtires.com\/es\/wp-json\/wp\/v2\/media\/222862"}],"wp:attachment":[{"href":"https:\/\/stmtires.com\/es\/wp-json\/wp\/v2\/media?parent=206095"}],"wp:term":[{"taxonomy":"product_model","embeddable":true,"href":"https:\/\/stmtires.com\/es\/wp-json\/wp\/v2\/product_model?post=206095"},{"taxonomy":"product_brand","embeddable":true,"href":"https:\/\/stmtires.com\/es\/wp-json\/wp\/v2\/product_brand?post=206095"},{"taxonomy":"product_cat","embeddable":true,"href":"https:\/\/stmtires.com\/es\/wp-json\/wp\/v2\/product_cat?post=206095"},{"taxonomy":"product_tag","embeddable":true,"href":"https:\/\/stmtires.com\/es\/wp-json\/wp\/v2\/product_tag?post=206095"}],"curies":[{"name":"wp","href":"https:\/\/api.w.org\/{rel}","templated":true}]}}