{"id":206811,"date":"2022-05-12T11:51:56","date_gmt":"2022-05-12T16:51:56","guid":{"rendered":"https:\/\/website.dev.stmtires.com\/shop\/sin categor\u00eda\/245-60r17-energy-lx4-run-flat\/"},"modified":"2022-05-12T11:51:56","modified_gmt":"2022-05-12T16:51:56","slug":"245-60r17-energia-lx4-run-flat","status":"publish","type":"product","link":"https:\/\/stmtires.com\/es\/shop\/michelin-es\/245-60r17-energia-lx4-run-flat\/","title":{"rendered":"245\/60R17 ENERGY LX4 RUN FLAT"},"content":{"rendered":"<p>Neum\u00e1tico para todo el tiempo de autom\u00f3vil de pasajeros \/ minivan. Equipo original en veh\u00edculos seleccionados. Tecnolog\u00eda Run Flat disponible en tama\u00f1os seleccionados.<\/p>\n","protected":false},"excerpt":{"rendered":"<p>Neum\u00e1tico para todo el tiempo de autom\u00f3vil de pasajeros \/ minivan. Equipo original en veh\u00edculos seleccionados. Tecnolog\u00eda Run Flat disponible en tama\u00f1os seleccionados.<\/p>\n","protected":false},"featured_media":106642,"comment_status":"open","ping_status":"closed","template":"","meta":{"_acf_changed":false,"subheading":[]},"product_model":[25380],"product_brand":[15734],"product_cat":[25986,19253],"product_tag":[],"class_list":{"0":"post-206811","1":"product","2":"type-product","3":"status-publish","4":"has-post-thumbnail","6":"product_model-energy-lx4-es","7":"product_brand-michelin-es","8":"product_cat-luz-de-pasajero","9":"product_cat-uncategorized","10":"pa_tire-size-245-60r17-es","12":"first","13":"instock","14":"shipping-taxable","15":"purchasable","16":"product-type-simple"},"acf":[],"_links":{"self":[{"href":"https:\/\/stmtires.com\/es\/wp-json\/wp\/v2\/product\/206811","targetHints":{"allow":["GET"]}}],"collection":[{"href":"https:\/\/stmtires.com\/es\/wp-json\/wp\/v2\/product"}],"about":[{"href":"https:\/\/stmtires.com\/es\/wp-json\/wp\/v2\/types\/product"}],"replies":[{"embeddable":true,"href":"https:\/\/stmtires.com\/es\/wp-json\/wp\/v2\/comments?post=206811"}],"wp:featuredmedia":[{"embeddable":true,"href":"https:\/\/stmtires.com\/es\/wp-json\/wp\/v2\/media\/106642"}],"wp:attachment":[{"href":"https:\/\/stmtires.com\/es\/wp-json\/wp\/v2\/media?parent=206811"}],"wp:term":[{"taxonomy":"product_model","embeddable":true,"href":"https:\/\/stmtires.com\/es\/wp-json\/wp\/v2\/product_model?post=206811"},{"taxonomy":"product_brand","embeddable":true,"href":"https:\/\/stmtires.com\/es\/wp-json\/wp\/v2\/product_brand?post=206811"},{"taxonomy":"product_cat","embeddable":true,"href":"https:\/\/stmtires.com\/es\/wp-json\/wp\/v2\/product_cat?post=206811"},{"taxonomy":"product_tag","embeddable":true,"href":"https:\/\/stmtires.com\/es\/wp-json\/wp\/v2\/product_tag?post=206811"}],"curies":[{"name":"wp","href":"https:\/\/api.w.org\/{rel}","templated":true}]}}