{"id":206948,"date":"2022-05-12T10:13:17","date_gmt":"2022-05-12T15:13:17","guid":{"rendered":"https:\/\/website.dev.stmtires.com\/shop\/sin categor\u00eda\/215-65r16-vancocontacto\/"},"modified":"2022-05-12T10:13:17","modified_gmt":"2022-05-12T15:13:17","slug":"215-65r16-vancocontacto","status":"publish","type":"product","link":"https:\/\/stmtires.com\/es\/shop\/tires\/215-65r16-vancocontacto\/","title":{"rendered":"215\/65R16 VANCOCONTACTO"},"content":{"rendered":"<p>Neum\u00e1tico Van para todas las estaciones. Respuesta precisa de la direcci\u00f3n y tracci\u00f3n dentro y fuera de la carretera.<\/p>\n","protected":false},"excerpt":{"rendered":"<p>Neum\u00e1tico Van para todas las estaciones. Respuesta precisa de la direcci\u00f3n y tracci\u00f3n dentro y fuera de la carretera.<\/p>\n","protected":false},"featured_media":106804,"comment_status":"open","ping_status":"closed","template":"","meta":{"_acf_changed":false,"subheading":[]},"product_model":[25432],"product_brand":[],"product_cat":[],"product_tag":[],"class_list":{"0":"post-206948","1":"product","2":"type-product","3":"status-publish","4":"has-post-thumbnail","6":"product_model-vancocontact-es","8":"first","9":"instock","10":"shipping-taxable","11":"purchasable","12":"product-type-simple"},"acf":[],"_links":{"self":[{"href":"https:\/\/stmtires.com\/es\/wp-json\/wp\/v2\/product\/206948","targetHints":{"allow":["GET"]}}],"collection":[{"href":"https:\/\/stmtires.com\/es\/wp-json\/wp\/v2\/product"}],"about":[{"href":"https:\/\/stmtires.com\/es\/wp-json\/wp\/v2\/types\/product"}],"replies":[{"embeddable":true,"href":"https:\/\/stmtires.com\/es\/wp-json\/wp\/v2\/comments?post=206948"}],"wp:featuredmedia":[{"embeddable":true,"href":"https:\/\/stmtires.com\/es\/wp-json\/wp\/v2\/media\/106804"}],"wp:attachment":[{"href":"https:\/\/stmtires.com\/es\/wp-json\/wp\/v2\/media?parent=206948"}],"wp:term":[{"taxonomy":"product_model","embeddable":true,"href":"https:\/\/stmtires.com\/es\/wp-json\/wp\/v2\/product_model?post=206948"},{"taxonomy":"product_brand","embeddable":true,"href":"https:\/\/stmtires.com\/es\/wp-json\/wp\/v2\/product_brand?post=206948"},{"taxonomy":"product_cat","embeddable":true,"href":"https:\/\/stmtires.com\/es\/wp-json\/wp\/v2\/product_cat?post=206948"},{"taxonomy":"product_tag","embeddable":true,"href":"https:\/\/stmtires.com\/es\/wp-json\/wp\/v2\/product_tag?post=206948"}],"curies":[{"name":"wp","href":"https:\/\/api.w.org\/{rel}","templated":true}]}}