{"id":207117,"date":"2022-05-12T10:25:48","date_gmt":"2022-05-12T15:25:48","guid":{"rendered":"https:\/\/website.dev.stmtires.com\/shop\/sin categor\u00eda\/245-50r18-piloto-mxm4\/"},"modified":"2022-05-12T10:25:48","modified_gmt":"2022-05-12T15:25:48","slug":"245-50r18-piloto-mxm4","status":"publish","type":"product","link":"https:\/\/stmtires.com\/es\/shop\/michelin-es\/245-50r18-piloto-mxm4\/","title":{"rendered":"245\/50R18 PILOTO MXM4"},"content":{"rendered":"<p>Neum\u00e1tico de turismo de alto rendimiento para toda la temporada. Equipo original en veh\u00edculos como Cadillac CTS, Acura TL y Mercedes Clase C. Tecnolog\u00eda ZP (Zero Pressure) Run Flat disponible en tama\u00f1os seleccionados.<\/p>\n","protected":false},"excerpt":{"rendered":"<p>Neum\u00e1tico de turismo de alto rendimiento para toda la temporada. Equipo original en veh\u00edculos como Cadillac CTS, Acura TL y Mercedes Clase C. Tecnolog\u00eda ZP (Zero Pressure) Run Flat disponible en tama\u00f1os seleccionados.<\/p>\n","protected":false},"featured_media":106605,"comment_status":"open","ping_status":"closed","template":"","meta":{"_acf_changed":false,"subheading":[]},"product_model":[25364],"product_brand":[15734],"product_cat":[25986],"product_tag":[],"class_list":{"0":"post-207117","1":"product","2":"type-product","3":"status-publish","4":"has-post-thumbnail","6":"product_model-pilot-mxm4-es","7":"product_brand-michelin-es","8":"product_cat-luz-de-pasajero","9":"pa_tire-size-245-50r18-es","11":"first","12":"instock","13":"shipping-taxable","14":"purchasable","15":"product-type-simple"},"acf":[],"_links":{"self":[{"href":"https:\/\/stmtires.com\/es\/wp-json\/wp\/v2\/product\/207117","targetHints":{"allow":["GET"]}}],"collection":[{"href":"https:\/\/stmtires.com\/es\/wp-json\/wp\/v2\/product"}],"about":[{"href":"https:\/\/stmtires.com\/es\/wp-json\/wp\/v2\/types\/product"}],"replies":[{"embeddable":true,"href":"https:\/\/stmtires.com\/es\/wp-json\/wp\/v2\/comments?post=207117"}],"wp:featuredmedia":[{"embeddable":true,"href":"https:\/\/stmtires.com\/es\/wp-json\/wp\/v2\/media\/106605"}],"wp:attachment":[{"href":"https:\/\/stmtires.com\/es\/wp-json\/wp\/v2\/media?parent=207117"}],"wp:term":[{"taxonomy":"product_model","embeddable":true,"href":"https:\/\/stmtires.com\/es\/wp-json\/wp\/v2\/product_model?post=207117"},{"taxonomy":"product_brand","embeddable":true,"href":"https:\/\/stmtires.com\/es\/wp-json\/wp\/v2\/product_brand?post=207117"},{"taxonomy":"product_cat","embeddable":true,"href":"https:\/\/stmtires.com\/es\/wp-json\/wp\/v2\/product_cat?post=207117"},{"taxonomy":"product_tag","embeddable":true,"href":"https:\/\/stmtires.com\/es\/wp-json\/wp\/v2\/product_tag?post=207117"}],"curies":[{"name":"wp","href":"https:\/\/api.w.org\/{rel}","templated":true}]}}