{"id":207997,"date":"2022-05-12T15:03:58","date_gmt":"2022-05-12T20:03:58","guid":{"rendered":"https:\/\/website.dev.stmtires.com\/shop\/sin categor\u00eda\/245-45r17-potenza-re92-oe\/"},"modified":"2022-05-12T15:03:58","modified_gmt":"2022-05-12T20:03:58","slug":"245-45r17-potenza-re92-oe-2","status":"publish","type":"product","link":"https:\/\/stmtires.com\/es\/shop\/bridgestone-es\/245-45r17-potenza-re92-oe-2\/","title":{"rendered":"245\/45R17 POTENZA RE92 OE"},"content":{"rendered":"<p>Neum\u00e1tico de autom\u00f3vil de pasajeros de alto rendimiento para todas las estaciones para coup\u00e9, sed\u00e1n y autom\u00f3vil deportivo.<\/p>\n","protected":false},"excerpt":{"rendered":"<p>Neum\u00e1tico de autom\u00f3vil de pasajeros de alto rendimiento para todas las estaciones para coup\u00e9, sed\u00e1n y autom\u00f3vil deportivo.<\/p>\n","protected":false},"featured_media":0,"comment_status":"open","ping_status":"closed","template":"","meta":{"_acf_changed":false,"subheading":[]},"product_model":[25746],"product_brand":[],"product_cat":[19264],"product_tag":[],"class_list":{"0":"post-207997","1":"product","2":"type-product","3":"status-publish","5":"product_model-potenza-re92-es","6":"product_cat-alto-rendimiento-hp","7":"pa_tire-size-245-45r17-es","9":"first","10":"instock","11":"shipping-taxable","12":"purchasable","13":"product-type-simple"},"acf":[],"_links":{"self":[{"href":"https:\/\/stmtires.com\/es\/wp-json\/wp\/v2\/product\/207997","targetHints":{"allow":["GET"]}}],"collection":[{"href":"https:\/\/stmtires.com\/es\/wp-json\/wp\/v2\/product"}],"about":[{"href":"https:\/\/stmtires.com\/es\/wp-json\/wp\/v2\/types\/product"}],"replies":[{"embeddable":true,"href":"https:\/\/stmtires.com\/es\/wp-json\/wp\/v2\/comments?post=207997"}],"wp:attachment":[{"href":"https:\/\/stmtires.com\/es\/wp-json\/wp\/v2\/media?parent=207997"}],"wp:term":[{"taxonomy":"product_model","embeddable":true,"href":"https:\/\/stmtires.com\/es\/wp-json\/wp\/v2\/product_model?post=207997"},{"taxonomy":"product_brand","embeddable":true,"href":"https:\/\/stmtires.com\/es\/wp-json\/wp\/v2\/product_brand?post=207997"},{"taxonomy":"product_cat","embeddable":true,"href":"https:\/\/stmtires.com\/es\/wp-json\/wp\/v2\/product_cat?post=207997"},{"taxonomy":"product_tag","embeddable":true,"href":"https:\/\/stmtires.com\/es\/wp-json\/wp\/v2\/product_tag?post=207997"}],"curies":[{"name":"wp","href":"https:\/\/api.w.org\/{rel}","templated":true}]}}