{"id":208180,"date":"2022-05-12T11:32:27","date_gmt":"2022-05-12T16:32:27","guid":{"rendered":"https:\/\/website.dev.stmtires.com\/shop\/sin categor\u00eda\/245-40zr18-xl-pilot-sport-3-ao\/"},"modified":"2022-05-12T11:32:27","modified_gmt":"2022-05-12T16:32:27","slug":"245-40zr18-xl-piloto-sport-3-ao","status":"publish","type":"product","link":"https:\/\/stmtires.com\/es\/shop\/michelin-es\/245-40zr18-xl-piloto-sport-3-ao\/","title":{"rendered":"245\/40ZR18 XL PILOT SPORT 3 AO"},"content":{"rendered":"<p>Neum\u00e1tico deportivo de verano para turismos de ultra alto rendimiento. Ajustado para ser equipo original en veh\u00edculos como el Mercedes E63 AMG y el Audi A5. Tecnolog\u00eda ZP (Zero Pressure) Run Flat disponible en tama\u00f1os seleccionados.<\/p>\n","protected":false},"excerpt":{"rendered":"<p>Neum\u00e1tico deportivo de verano para turismos de ultra alto rendimiento. Ajustado para ser equipo original en veh\u00edculos como el Mercedes E63 AMG y el Audi A5. Tecnolog\u00eda ZP (Zero Pressure) Run Flat disponible en tama\u00f1os seleccionados.<\/p>\n","protected":false},"featured_media":0,"comment_status":"open","ping_status":"closed","template":"","meta":{"_acf_changed":false,"subheading":[]},"product_model":[25543],"product_brand":[15734],"product_cat":[25986,19253],"product_tag":[],"class_list":{"0":"post-208180","1":"product","2":"type-product","3":"status-publish","5":"product_model-pilot-sport-3-es","6":"product_brand-michelin-es","7":"product_cat-luz-de-pasajero","8":"product_cat-uncategorized","9":"pa_tire-size-245-40r18-es","11":"first","12":"instock","13":"shipping-taxable","14":"purchasable","15":"product-type-simple"},"acf":[],"_links":{"self":[{"href":"https:\/\/stmtires.com\/es\/wp-json\/wp\/v2\/product\/208180","targetHints":{"allow":["GET"]}}],"collection":[{"href":"https:\/\/stmtires.com\/es\/wp-json\/wp\/v2\/product"}],"about":[{"href":"https:\/\/stmtires.com\/es\/wp-json\/wp\/v2\/types\/product"}],"replies":[{"embeddable":true,"href":"https:\/\/stmtires.com\/es\/wp-json\/wp\/v2\/comments?post=208180"}],"wp:attachment":[{"href":"https:\/\/stmtires.com\/es\/wp-json\/wp\/v2\/media?parent=208180"}],"wp:term":[{"taxonomy":"product_model","embeddable":true,"href":"https:\/\/stmtires.com\/es\/wp-json\/wp\/v2\/product_model?post=208180"},{"taxonomy":"product_brand","embeddable":true,"href":"https:\/\/stmtires.com\/es\/wp-json\/wp\/v2\/product_brand?post=208180"},{"taxonomy":"product_cat","embeddable":true,"href":"https:\/\/stmtires.com\/es\/wp-json\/wp\/v2\/product_cat?post=208180"},{"taxonomy":"product_tag","embeddable":true,"href":"https:\/\/stmtires.com\/es\/wp-json\/wp\/v2\/product_tag?post=208180"}],"curies":[{"name":"wp","href":"https:\/\/api.w.org\/{rel}","templated":true}]}}