{"id":208258,"date":"2022-05-12T14:28:47","date_gmt":"2022-05-12T19:28:47","guid":{"rendered":"https:\/\/website.dev.stmtires.com\/shop\/sin categor\u00eda\/245-40zr18-potenza-s-02\/"},"modified":"2022-05-12T14:28:47","modified_gmt":"2022-05-12T19:28:47","slug":"245-40zr18-potenza-s-02-2","status":"publish","type":"product","link":"https:\/\/stmtires.com\/es\/shop\/tires\/245-40zr18-potenza-s-02-2\/","title":{"rendered":"245\/40ZR18 POTENZA S-02"},"content":{"rendered":"<p>Neum\u00e1tico de verano para autom\u00f3viles de pasajeros de ultra alto rendimiento Desarrollado para autom\u00f3viles deportivos, cup\u00e9s y sedanes de alto rendimiento. Neum\u00e1tico de equipo original (OE) en veh\u00edculos seleccionados.<\/p>\n","protected":false},"excerpt":{"rendered":"<p>Neum\u00e1tico de verano para autom\u00f3viles de pasajeros de ultra alto rendimiento Desarrollado para autom\u00f3viles deportivos, cup\u00e9s y sedanes de alto rendimiento. Neum\u00e1tico de equipo original (OE) en veh\u00edculos seleccionados.<\/p>\n","protected":false},"featured_media":0,"comment_status":"open","ping_status":"closed","template":"","meta":{"_acf_changed":false,"subheading":[]},"product_model":[25797],"product_brand":[],"product_cat":[],"product_tag":[],"class_list":{"0":"post-208258","1":"product","2":"type-product","3":"status-publish","5":"product_model-potenza-s-02-es","7":"first","8":"instock","9":"shipping-taxable","10":"purchasable","11":"product-type-simple"},"acf":[],"_links":{"self":[{"href":"https:\/\/stmtires.com\/es\/wp-json\/wp\/v2\/product\/208258","targetHints":{"allow":["GET"]}}],"collection":[{"href":"https:\/\/stmtires.com\/es\/wp-json\/wp\/v2\/product"}],"about":[{"href":"https:\/\/stmtires.com\/es\/wp-json\/wp\/v2\/types\/product"}],"replies":[{"embeddable":true,"href":"https:\/\/stmtires.com\/es\/wp-json\/wp\/v2\/comments?post=208258"}],"wp:attachment":[{"href":"https:\/\/stmtires.com\/es\/wp-json\/wp\/v2\/media?parent=208258"}],"wp:term":[{"taxonomy":"product_model","embeddable":true,"href":"https:\/\/stmtires.com\/es\/wp-json\/wp\/v2\/product_model?post=208258"},{"taxonomy":"product_brand","embeddable":true,"href":"https:\/\/stmtires.com\/es\/wp-json\/wp\/v2\/product_brand?post=208258"},{"taxonomy":"product_cat","embeddable":true,"href":"https:\/\/stmtires.com\/es\/wp-json\/wp\/v2\/product_cat?post=208258"},{"taxonomy":"product_tag","embeddable":true,"href":"https:\/\/stmtires.com\/es\/wp-json\/wp\/v2\/product_tag?post=208258"}],"curies":[{"name":"wp","href":"https:\/\/api.w.org\/{rel}","templated":true}]}}