{"id":208387,"date":"2022-05-12T10:12:40","date_gmt":"2022-05-12T15:12:40","guid":{"rendered":"https:\/\/website.dev.stmtires.com\/shop\/sin categor\u00eda\/245-40zr17-copa-del-deporte-piloto\/"},"modified":"2022-05-12T10:12:40","modified_gmt":"2022-05-12T15:12:40","slug":"245-40zr17-piloto-deporte-copa","status":"publish","type":"product","link":"https:\/\/stmtires.com\/es\/shop\/tires\/245-40zr17-piloto-deporte-copa\/","title":{"rendered":"245\/40ZR17 COPA DEL DEPORTE PILOTO"},"content":{"rendered":"<p>Neum\u00e1tico deportivo para turismos de ultra alto rendimiento. Equipo original en veh\u00edculos de rendimiento especiales como el Porsche GT3 RS, BMW M3 y Dodge Viper ACR. Tecnolog\u00eda ZP (Zero Pressure) Run Flat disponible en tama\u00f1os seleccionados.<\/p>\n","protected":false},"excerpt":{"rendered":"<p>Neum\u00e1tico deportivo para turismos de ultra alto rendimiento. Equipo original en veh\u00edculos de rendimiento especiales como el Porsche GT3 RS, BMW M3 y Dodge Viper ACR. Tecnolog\u00eda ZP (Zero Pressure) Run Flat disponible en tama\u00f1os seleccionados.<\/p>\n","protected":false},"featured_media":106657,"comment_status":"open","ping_status":"closed","template":"","meta":{"_acf_changed":false,"subheading":[]},"product_model":[25386],"product_brand":[],"product_cat":[],"product_tag":[],"class_list":{"0":"post-208387","1":"product","2":"type-product","3":"status-publish","4":"has-post-thumbnail","6":"product_model-pilot-sport-cup-es","8":"first","9":"instock","10":"shipping-taxable","11":"purchasable","12":"product-type-simple"},"acf":[],"_links":{"self":[{"href":"https:\/\/stmtires.com\/es\/wp-json\/wp\/v2\/product\/208387","targetHints":{"allow":["GET"]}}],"collection":[{"href":"https:\/\/stmtires.com\/es\/wp-json\/wp\/v2\/product"}],"about":[{"href":"https:\/\/stmtires.com\/es\/wp-json\/wp\/v2\/types\/product"}],"replies":[{"embeddable":true,"href":"https:\/\/stmtires.com\/es\/wp-json\/wp\/v2\/comments?post=208387"}],"wp:featuredmedia":[{"embeddable":true,"href":"https:\/\/stmtires.com\/es\/wp-json\/wp\/v2\/media\/106657"}],"wp:attachment":[{"href":"https:\/\/stmtires.com\/es\/wp-json\/wp\/v2\/media?parent=208387"}],"wp:term":[{"taxonomy":"product_model","embeddable":true,"href":"https:\/\/stmtires.com\/es\/wp-json\/wp\/v2\/product_model?post=208387"},{"taxonomy":"product_brand","embeddable":true,"href":"https:\/\/stmtires.com\/es\/wp-json\/wp\/v2\/product_brand?post=208387"},{"taxonomy":"product_cat","embeddable":true,"href":"https:\/\/stmtires.com\/es\/wp-json\/wp\/v2\/product_cat?post=208387"},{"taxonomy":"product_tag","embeddable":true,"href":"https:\/\/stmtires.com\/es\/wp-json\/wp\/v2\/product_tag?post=208387"}],"curies":[{"name":"wp","href":"https:\/\/api.w.org\/{rel}","templated":true}]}}