{"id":208886,"date":"2022-05-12T10:11:42","date_gmt":"2022-05-12T15:11:42","guid":{"rendered":"https:\/\/website.dev.stmtires.com\/shop\/sin categor\u00eda\/245-40r18-xl-contisportcontacto-3\/"},"modified":"2022-05-12T10:11:42","modified_gmt":"2022-05-12T15:11:42","slug":"245-40r18-xl-contisportcontact-3-2","status":"publish","type":"product","link":"https:\/\/stmtires.com\/es\/shop\/tires\/245-40r18-xl-contisportcontact-3-2\/","title":{"rendered":"245\/40R18 XL CONTISPORTCONTACTO 3"},"content":{"rendered":"<p>Neum\u00e1tico de coche de pasajeros de m\u00e1ximo rendimiento de verano. Tecnolog\u00eda Run Flat disponible en tama\u00f1os seleccionados.<\/p>\n","protected":false},"excerpt":{"rendered":"<p>Neum\u00e1tico de coche de pasajeros de m\u00e1ximo rendimiento de verano. Tecnolog\u00eda Run Flat disponible en tama\u00f1os seleccionados.<\/p>\n","protected":false},"featured_media":106866,"comment_status":"open","ping_status":"closed","template":"","meta":{"_acf_changed":false,"subheading":[]},"product_model":[25447],"product_brand":[],"product_cat":[],"product_tag":[],"class_list":{"0":"post-208886","1":"product","2":"type-product","3":"status-publish","4":"has-post-thumbnail","6":"product_model-contisportcontact-3-es","8":"first","9":"instock","10":"shipping-taxable","11":"purchasable","12":"product-type-simple"},"acf":[],"_links":{"self":[{"href":"https:\/\/stmtires.com\/es\/wp-json\/wp\/v2\/product\/208886","targetHints":{"allow":["GET"]}}],"collection":[{"href":"https:\/\/stmtires.com\/es\/wp-json\/wp\/v2\/product"}],"about":[{"href":"https:\/\/stmtires.com\/es\/wp-json\/wp\/v2\/types\/product"}],"replies":[{"embeddable":true,"href":"https:\/\/stmtires.com\/es\/wp-json\/wp\/v2\/comments?post=208886"}],"wp:featuredmedia":[{"embeddable":true,"href":"https:\/\/stmtires.com\/es\/wp-json\/wp\/v2\/media\/106866"}],"wp:attachment":[{"href":"https:\/\/stmtires.com\/es\/wp-json\/wp\/v2\/media?parent=208886"}],"wp:term":[{"taxonomy":"product_model","embeddable":true,"href":"https:\/\/stmtires.com\/es\/wp-json\/wp\/v2\/product_model?post=208886"},{"taxonomy":"product_brand","embeddable":true,"href":"https:\/\/stmtires.com\/es\/wp-json\/wp\/v2\/product_brand?post=208886"},{"taxonomy":"product_cat","embeddable":true,"href":"https:\/\/stmtires.com\/es\/wp-json\/wp\/v2\/product_cat?post=208886"},{"taxonomy":"product_tag","embeddable":true,"href":"https:\/\/stmtires.com\/es\/wp-json\/wp\/v2\/product_tag?post=208886"}],"curies":[{"name":"wp","href":"https:\/\/api.w.org\/{rel}","templated":true}]}}