{"id":209686,"date":"2022-05-12T15:29:12","date_gmt":"2022-05-12T20:29:12","guid":{"rendered":"https:\/\/website.dev.stmtires.com\/shop\/sin categor\u00eda\/245-35r18-potenza-re050a-rft-oe\/"},"modified":"2022-05-12T15:29:12","modified_gmt":"2022-05-12T20:29:12","slug":"245-35r18-potenza-re050a-rft-oe-2","status":"publish","type":"product","link":"https:\/\/stmtires.com\/es\/shop\/bridgestone-es\/245-35r18-potenza-re050a-rft-oe-2\/","title":{"rendered":"245\/35R18 POTENZA RE050A RFT OE (*)"},"content":{"rendered":"<p>Neum\u00e1tico de coche de pasajeros Summer Performance. Equipo original en muchos veh\u00edculos de alto rendimiento. Tecnolog\u00eda Run Flat (RFT) disponible en Tama\u00f1os seleccionados.<\/p>\n","protected":false},"excerpt":{"rendered":"<p>Neum\u00e1tico de coche de pasajeros Summer Performance. Equipo original en muchos veh\u00edculos de alto rendimiento. Tecnolog\u00eda Run Flat (RFT) disponible en Tama\u00f1os seleccionados.<\/p>\n","protected":false},"featured_media":0,"comment_status":"open","ping_status":"closed","template":"","meta":{"_acf_changed":false,"subheading":[]},"product_model":[22957],"product_brand":[],"product_cat":[19264,19271,19242,19253],"product_tag":[],"class_list":{"0":"post-209686","1":"product","2":"type-product","3":"status-publish","5":"product_model-potenza-re050a-rft-moe-ii-es","6":"product_cat-alto-rendimiento-hp","7":"product_cat-corre-plano","8":"product_cat-equipo-original-oe","9":"product_cat-uncategorized","10":"pa_tire-size-245-35r18-es","12":"first","13":"instock","14":"shipping-taxable","15":"purchasable","16":"product-type-simple"},"acf":[],"_links":{"self":[{"href":"https:\/\/stmtires.com\/es\/wp-json\/wp\/v2\/product\/209686","targetHints":{"allow":["GET"]}}],"collection":[{"href":"https:\/\/stmtires.com\/es\/wp-json\/wp\/v2\/product"}],"about":[{"href":"https:\/\/stmtires.com\/es\/wp-json\/wp\/v2\/types\/product"}],"replies":[{"embeddable":true,"href":"https:\/\/stmtires.com\/es\/wp-json\/wp\/v2\/comments?post=209686"}],"wp:attachment":[{"href":"https:\/\/stmtires.com\/es\/wp-json\/wp\/v2\/media?parent=209686"}],"wp:term":[{"taxonomy":"product_model","embeddable":true,"href":"https:\/\/stmtires.com\/es\/wp-json\/wp\/v2\/product_model?post=209686"},{"taxonomy":"product_brand","embeddable":true,"href":"https:\/\/stmtires.com\/es\/wp-json\/wp\/v2\/product_brand?post=209686"},{"taxonomy":"product_cat","embeddable":true,"href":"https:\/\/stmtires.com\/es\/wp-json\/wp\/v2\/product_cat?post=209686"},{"taxonomy":"product_tag","embeddable":true,"href":"https:\/\/stmtires.com\/es\/wp-json\/wp\/v2\/product_tag?post=209686"}],"curies":[{"name":"wp","href":"https:\/\/api.w.org\/{rel}","templated":true}]}}