{"id":209836,"date":"2022-05-12T11:26:24","date_gmt":"2022-05-12T16:26:24","guid":{"rendered":"https:\/\/website.dev.stmtires.com\/shop\/sin categor\u00eda\/24-5-32-h-tl-todo-tractor-antideslizante-r-3\/"},"modified":"2022-05-12T11:26:24","modified_gmt":"2022-05-12T16:26:24","slug":"24-5-32-h-tl-all-non-skid-tractor-r-3-2","status":"publish","type":"product","link":"https:\/\/stmtires.com\/es\/shop\/firestone-es\/24-5-32-h-tl-all-non-skid-tractor-r-3-2\/","title":{"rendered":"24.5-32 H TL TODO TRACTOR ANTIDESLIZANTE R-3"},"content":{"rendered":"<p>Neum\u00e1tico agr\u00edcola R-3 Bias Rear Tractor Drive con banda de rodadura de bot\u00f3n para huerto, huerto de c\u00edtricos y c\u00e9sped.<\/p>\n","protected":false},"excerpt":{"rendered":"<p>Neum\u00e1tico agr\u00edcola R-3 Bias Rear Tractor Drive con banda de rodadura de bot\u00f3n para huerto, huerto de c\u00edtricos y c\u00e9sped.<\/p>\n","protected":false},"featured_media":0,"comment_status":"open","ping_status":"closed","template":"","meta":{"_acf_changed":false,"subheading":[]},"product_model":[25507],"product_brand":[15736],"product_cat":[26128,19288,19355,26129,19253],"product_tag":[],"class_list":{"0":"post-209836","1":"product","2":"type-product","3":"status-publish","5":"product_model-all-non-skid-tractor-r-3-es","6":"product_brand-firestone-es","7":"product_cat-agricola","8":"product_cat-conducir","9":"product_cat-predisposicion","10":"product_cat-tractor-es","11":"product_cat-uncategorized","12":"pa_tire-size-245r32","14":"first","15":"instock","16":"shipping-taxable","17":"purchasable","18":"product-type-simple"},"acf":[],"_links":{"self":[{"href":"https:\/\/stmtires.com\/es\/wp-json\/wp\/v2\/product\/209836","targetHints":{"allow":["GET"]}}],"collection":[{"href":"https:\/\/stmtires.com\/es\/wp-json\/wp\/v2\/product"}],"about":[{"href":"https:\/\/stmtires.com\/es\/wp-json\/wp\/v2\/types\/product"}],"replies":[{"embeddable":true,"href":"https:\/\/stmtires.com\/es\/wp-json\/wp\/v2\/comments?post=209836"}],"wp:attachment":[{"href":"https:\/\/stmtires.com\/es\/wp-json\/wp\/v2\/media?parent=209836"}],"wp:term":[{"taxonomy":"product_model","embeddable":true,"href":"https:\/\/stmtires.com\/es\/wp-json\/wp\/v2\/product_model?post=209836"},{"taxonomy":"product_brand","embeddable":true,"href":"https:\/\/stmtires.com\/es\/wp-json\/wp\/v2\/product_brand?post=209836"},{"taxonomy":"product_cat","embeddable":true,"href":"https:\/\/stmtires.com\/es\/wp-json\/wp\/v2\/product_cat?post=209836"},{"taxonomy":"product_tag","embeddable":true,"href":"https:\/\/stmtires.com\/es\/wp-json\/wp\/v2\/product_tag?post=209836"}],"curies":[{"name":"wp","href":"https:\/\/api.w.org\/{rel}","templated":true}]}}