{"id":209927,"date":"2022-05-12T11:45:28","date_gmt":"2022-05-12T16:45:28","guid":{"rendered":"https:\/\/website.dev.stmtires.com\/shop\/sin categor\u00eda\/23x8-50-12-b-tl-cesped-y-campo-g-2\/"},"modified":"2022-05-12T11:45:28","modified_gmt":"2022-05-12T16:45:28","slug":"23x8-50-12-b-tl-cesped-y-campo-g-2","status":"publish","type":"product","link":"https:\/\/stmtires.com\/es\/shop\/firestone-es\/23x8-50-12-b-tl-cesped-y-campo-g-2\/","title":{"rendered":"23X8.50-12 B TL C\u00c9SPED Y CAMPO G-2"},"content":{"rendered":"<p>Neum\u00e1tico de c\u00e9sped Agricultural Bias G-2 dise\u00f1ado con bajo perfil adecuado para aplicaciones compactas \/ de jard\u00edn.<\/p>\n","protected":false},"excerpt":{"rendered":"<p>Neum\u00e1tico de c\u00e9sped Agricultural Bias G-2 dise\u00f1ado con bajo perfil adecuado para aplicaciones compactas \/ de jard\u00edn.<\/p>\n","protected":false},"featured_media":0,"comment_status":"open","ping_status":"closed","template":"","meta":{"_acf_changed":false,"subheading":[]},"product_model":[25580],"product_brand":[15736],"product_cat":[26128,16260,26140,19355,19253],"product_tag":[],"class_list":{"0":"post-209927","1":"product","2":"type-product","3":"status-publish","5":"product_model-turf-and-field-g-2-es-2","6":"product_brand-firestone-es","7":"product_cat-agricola","8":"product_cat-bias","9":"product_cat-perfil-bajo","10":"product_cat-predisposicion","11":"product_cat-uncategorized","12":"pa_tire-size-23x8-5r12-es","14":"first","15":"instock","16":"shipping-taxable","17":"purchasable","18":"product-type-simple"},"acf":[],"_links":{"self":[{"href":"https:\/\/stmtires.com\/es\/wp-json\/wp\/v2\/product\/209927","targetHints":{"allow":["GET"]}}],"collection":[{"href":"https:\/\/stmtires.com\/es\/wp-json\/wp\/v2\/product"}],"about":[{"href":"https:\/\/stmtires.com\/es\/wp-json\/wp\/v2\/types\/product"}],"replies":[{"embeddable":true,"href":"https:\/\/stmtires.com\/es\/wp-json\/wp\/v2\/comments?post=209927"}],"wp:attachment":[{"href":"https:\/\/stmtires.com\/es\/wp-json\/wp\/v2\/media?parent=209927"}],"wp:term":[{"taxonomy":"product_model","embeddable":true,"href":"https:\/\/stmtires.com\/es\/wp-json\/wp\/v2\/product_model?post=209927"},{"taxonomy":"product_brand","embeddable":true,"href":"https:\/\/stmtires.com\/es\/wp-json\/wp\/v2\/product_brand?post=209927"},{"taxonomy":"product_cat","embeddable":true,"href":"https:\/\/stmtires.com\/es\/wp-json\/wp\/v2\/product_cat?post=209927"},{"taxonomy":"product_tag","embeddable":true,"href":"https:\/\/stmtires.com\/es\/wp-json\/wp\/v2\/product_tag?post=209927"}],"curies":[{"name":"wp","href":"https:\/\/api.w.org\/{rel}","templated":true}]}}